{"id":94344,"date":"2025-11-12T09:48:10","date_gmt":"2025-11-12T08:48:10","guid":{"rendered":"https:\/\/www.ernstbrunn-apotheke.at\/katalog\/produkt\/ducray-melascreen-intensiv-serum-30-ml\/"},"modified":"2025-12-08T20:38:52","modified_gmt":"2025-12-08T19:38:52","slug":"ducray-melascreen-intensiv-serum-30-ml","status":"publish","type":"product","link":"https:\/\/www.ernstbrunn-apotheke.at\/katalog\/produkt\/ducray-melascreen-intensiv-serum-30-ml\/","title":{"rendered":"Ducray Melascreen Intensiv Serum 30 ml"},"content":{"rendered":"<p>Ducray Melascreem Intensiv Serum macht Schluss mit Pigmentflecken und anderen Zeichen der sonnenbedingten Hautalterung. Melascreen Photo-Aging, ist die 3-in-1-Innovation bei lichtbedingter Hautalterung. Sie reguliert den Melanin\u00fcberschuss und beugt damit der Entstehung von Pigmentflecken nicht nur vor, sondern reduziert sie zus\u00e4tzlich. Au\u00dferdem werden Falten gemildert und die Hautelastizit\u00e4t verbessert.<\/p>\n","protected":false},"excerpt":{"rendered":"<p>Ducray Melascreem Intensiv Serum macht Schluss mit Pigmentflecken und anderen Zeichen der sonnenbedingten Hautalterung. Melascreen Photo-Aging, ist die 3-in-1-Innovation bei lichtbedingter Hautalterung. Sie reguliert den Melanin\u00fcberschuss und beugt damit der Entstehung von Pigmentflecken nicht nur vor, sondern reduziert sie zus\u00e4tzlich. Au\u00dferdem werden Falten gemildert und die Hautelastizit\u00e4t verbessert.<\/p>\n","protected":false},"featured_media":94346,"template":"","meta":{"_acf_changed":false},"product_brand":[696],"product_cat":[792],"product_tag":[],"class_list":{"0":"post-94344","1":"product","2":"type-product","3":"status-publish","4":"has-post-thumbnail","6":"product_brand-ducray","7":"product_cat-d","8":"pa_packungsgroesse-30ml","10":"first","11":"instock","12":"shipping-taxable","13":"purchasable","14":"product-type-simple"},"acf":[],"_links":{"self":[{"href":"https:\/\/www.ernstbrunn-apotheke.at\/katalog\/wp-json\/wp\/v2\/product\/94344","targetHints":{"allow":["GET"]}}],"collection":[{"href":"https:\/\/www.ernstbrunn-apotheke.at\/katalog\/wp-json\/wp\/v2\/product"}],"about":[{"href":"https:\/\/www.ernstbrunn-apotheke.at\/katalog\/wp-json\/wp\/v2\/types\/product"}],"wp:featuredmedia":[{"embeddable":true,"href":"https:\/\/www.ernstbrunn-apotheke.at\/katalog\/wp-json\/wp\/v2\/media\/94346"}],"wp:attachment":[{"href":"https:\/\/www.ernstbrunn-apotheke.at\/katalog\/wp-json\/wp\/v2\/media?parent=94344"}],"wp:term":[{"taxonomy":"product_brand","embeddable":true,"href":"https:\/\/www.ernstbrunn-apotheke.at\/katalog\/wp-json\/wp\/v2\/product_brand?post=94344"},{"taxonomy":"product_cat","embeddable":true,"href":"https:\/\/www.ernstbrunn-apotheke.at\/katalog\/wp-json\/wp\/v2\/product_cat?post=94344"},{"taxonomy":"product_tag","embeddable":true,"href":"https:\/\/www.ernstbrunn-apotheke.at\/katalog\/wp-json\/wp\/v2\/product_tag?post=94344"}],"curies":[{"name":"wp","href":"https:\/\/api.w.org\/{rel}","templated":true}]}}