{"id":94229,"date":"2025-11-12T09:45:31","date_gmt":"2025-11-12T08:45:31","guid":{"rendered":"https:\/\/www.ernstbrunn-apotheke.at\/katalog\/produkt\/orthomol-beauty-trinkflaeschchen-30-stk\/"},"modified":"2025-12-08T20:38:31","modified_gmt":"2025-12-08T19:38:31","slug":"orthomol-beauty-trinkflaeschchen-30-stk","status":"publish","type":"product","link":"https:\/\/www.ernstbrunn-apotheke.at\/katalog\/produkt\/orthomol-beauty-trinkflaeschchen-30-stk\/","title":{"rendered":"Orthomol Beauty Trinkfl\u00e4schchen 30 Stk."},"content":{"rendered":"<p>Orthomol Beauty ist der neue Sch\u00f6nheitsdrink mit ausgew\u00e4hlten Inhaltsstoffen, wie Kollagen, Hyalurons\u00e4ure und dem Phytamin-Q10-Komplex, der die Sch\u00f6nheit der Haut von innen unterst\u00fctzt, so dass sie nach au\u00dfen strahlen kann.Nat\u00fcrlich f\u00fcr Ihre Sch\u00f6nheitWertvolle Inhaltsstoffe &#8211; Einzigartig kombiniertKollagen und Hyalurons\u00e4ure entscheiden \u00fcber Festigkeit und Feuchtigkeitsgehalt der Haut und des Bindegewebes. Orthomol Beauty kombiniert diese Schl\u00fcsselsubstanzen mit weiteren wichtigen Mikron\u00e4hrstoffen f\u00fcr Haut, Haare und N\u00e4gel. Das Zusammenspiel dieser aufeinander abgestimmten Inhaltsstoffe unterst\u00fctzt Ihre Sch\u00f6nheit von innen. Gelungen ist diese Entwicklung in Zusammenarbeit mit Dermatologen und auf Basis langj\u00e4hriger Erfahrung mit orthomolekularen Wirkstoffen.Zus\u00e4tzlich zu Kollagen und Hyalurons\u00e4ure enth\u00e4lt Orthomol Beauty den innovativen Phytamin-Q10-Komplex, eine Kombination aus wertvollen Vitaminen und Coenzym Q10 mit Phyto-Extrakt der Olivenfrucht. Die darin enthaltenen Polyphenole sind wertvolle Pflanzenstoffe, mit denen sich der Olivenbaum vor sch\u00e4digenden Einfl\u00fcssen aus der Umgebung sch\u00fctzt, wie UV-Licht, Hitze und Sauerstoffradikalen. Dieser perfekte Schutzmechanismus macht den Olivenbaum zu einer der langlebigsten Pflanzen auf der Welt und seinen Phyto-Extrakt zu einem wichtigen Element in unserer Sch\u00f6nheitsformel.<\/p>\n","protected":false},"excerpt":{"rendered":"<p>Orthomol Beauty ist der neue Sch\u00f6nheitsdrink mit ausgew\u00e4hlten Inhaltsstoffen, wie Kollagen, Hyalurons\u00e4ure und dem Phytamin-Q10-Komplex, der die Sch\u00f6nheit der Haut von innen unterst\u00fctzt, so dass sie nach au\u00dfen strahlen kann.Nat\u00fcrlich f\u00fcr Ihre Sch\u00f6nheitWertvolle Inhaltsstoffe &#8211; Einzigartig kombiniertKollagen und Hyalurons\u00e4ure entscheiden \u00fcber Festigkeit und Feuchtigkeitsgehalt der Haut und des Bindegewebes. Orthomol Beauty kombiniert diese Schl\u00fcsselsubstanzen mit [&hellip;]<\/p>\n","protected":false},"featured_media":94231,"template":"","meta":{"_acf_changed":false},"product_brand":[387],"product_cat":[819],"product_tag":[],"class_list":{"0":"post-94229","1":"product","2":"type-product","3":"status-publish","4":"has-post-thumbnail","6":"product_brand-orthomol","7":"product_cat-o","8":"pa_packungsgroesse-30-stueck","10":"first","11":"instock","12":"shipping-taxable","13":"purchasable","14":"product-type-simple"},"acf":[],"_links":{"self":[{"href":"https:\/\/www.ernstbrunn-apotheke.at\/katalog\/wp-json\/wp\/v2\/product\/94229","targetHints":{"allow":["GET"]}}],"collection":[{"href":"https:\/\/www.ernstbrunn-apotheke.at\/katalog\/wp-json\/wp\/v2\/product"}],"about":[{"href":"https:\/\/www.ernstbrunn-apotheke.at\/katalog\/wp-json\/wp\/v2\/types\/product"}],"wp:featuredmedia":[{"embeddable":true,"href":"https:\/\/www.ernstbrunn-apotheke.at\/katalog\/wp-json\/wp\/v2\/media\/94231"}],"wp:attachment":[{"href":"https:\/\/www.ernstbrunn-apotheke.at\/katalog\/wp-json\/wp\/v2\/media?parent=94229"}],"wp:term":[{"taxonomy":"product_brand","embeddable":true,"href":"https:\/\/www.ernstbrunn-apotheke.at\/katalog\/wp-json\/wp\/v2\/product_brand?post=94229"},{"taxonomy":"product_cat","embeddable":true,"href":"https:\/\/www.ernstbrunn-apotheke.at\/katalog\/wp-json\/wp\/v2\/product_cat?post=94229"},{"taxonomy":"product_tag","embeddable":true,"href":"https:\/\/www.ernstbrunn-apotheke.at\/katalog\/wp-json\/wp\/v2\/product_tag?post=94229"}],"curies":[{"name":"wp","href":"https:\/\/api.w.org\/{rel}","templated":true}]}}