{"id":9411,"date":"2025-11-07T13:58:47","date_gmt":"2025-11-07T12:58:47","guid":{"rendered":"https:\/\/www.ernstbrunn-apotheke.at\/katalog\/produkt\/uriel-handgelenkstuetzbandage-st-25\/"},"modified":"2025-12-08T13:27:40","modified_gmt":"2025-12-08T12:27:40","slug":"uriel-handgelenkstuetzbandage-st-25","status":"publish","type":"product","link":"https:\/\/www.ernstbrunn-apotheke.at\/katalog\/produkt\/uriel-handgelenkstuetzbandage-st-25\/","title":{"rendered":"Uriel Handgelenkst\u00fctzbandage ST 25"},"content":{"rendered":"<p>Handgelenksbandage Uriel ist ideal f\u00fcr die Immobilisierung des Handgelenks nach einer Verstauchung, Fraktur, Entz\u00fcndung und Karpaltunnelsyndrom. Die Bandage bietet hervorragende Unterst\u00fctzung nach dem Entfernen eines Gipses und hilft bei der Verringerung der Schwellung um das Handgelenk.<\/p>\n","protected":false},"excerpt":{"rendered":"<p>Handgelenksbandage Uriel ist ideal f\u00fcr die Immobilisierung des Handgelenks nach einer Verstauchung, Fraktur, Entz\u00fcndung und Karpaltunnelsyndrom. Die Bandage bietet hervorragende Unterst\u00fctzung nach dem Entfernen eines Gipses und hilft bei der Verringerung der Schwellung um das Handgelenk.<\/p>\n","protected":false},"featured_media":0,"template":"","meta":{"_acf_changed":false},"product_brand":[],"product_cat":[848],"product_tag":[],"class_list":{"0":"post-9411","1":"product","2":"type-product","3":"status-publish","5":"product_cat-u","6":"pa_packungsgroesse-1-stueck","8":"first","9":"instock","10":"shipping-taxable","11":"purchasable","12":"product-type-simple"},"acf":[],"_links":{"self":[{"href":"https:\/\/www.ernstbrunn-apotheke.at\/katalog\/wp-json\/wp\/v2\/product\/9411","targetHints":{"allow":["GET"]}}],"collection":[{"href":"https:\/\/www.ernstbrunn-apotheke.at\/katalog\/wp-json\/wp\/v2\/product"}],"about":[{"href":"https:\/\/www.ernstbrunn-apotheke.at\/katalog\/wp-json\/wp\/v2\/types\/product"}],"wp:attachment":[{"href":"https:\/\/www.ernstbrunn-apotheke.at\/katalog\/wp-json\/wp\/v2\/media?parent=9411"}],"wp:term":[{"taxonomy":"product_brand","embeddable":true,"href":"https:\/\/www.ernstbrunn-apotheke.at\/katalog\/wp-json\/wp\/v2\/product_brand?post=9411"},{"taxonomy":"product_cat","embeddable":true,"href":"https:\/\/www.ernstbrunn-apotheke.at\/katalog\/wp-json\/wp\/v2\/product_cat?post=9411"},{"taxonomy":"product_tag","embeddable":true,"href":"https:\/\/www.ernstbrunn-apotheke.at\/katalog\/wp-json\/wp\/v2\/product_tag?post=9411"}],"curies":[{"name":"wp","href":"https:\/\/api.w.org\/{rel}","templated":true}]}}