{"id":94089,"date":"2025-11-12T09:42:36","date_gmt":"2025-11-12T08:42:36","guid":{"rendered":"https:\/\/www.ernstbrunn-apotheke.at\/katalog\/produkt\/alpinamed-msm-arthro-tabletten-90-stk\/"},"modified":"2025-12-08T20:37:53","modified_gmt":"2025-12-08T19:37:53","slug":"alpinamed-msm-arthro-tabletten-90-stk","status":"publish","type":"product","link":"https:\/\/www.ernstbrunn-apotheke.at\/katalog\/produkt\/alpinamed-msm-arthro-tabletten-90-stk\/","title":{"rendered":"Alpinamed MSM Arthro Tabletten 90 Stk."},"content":{"rendered":"<p>Der Mineralstoff Schwefel ist essentiell f\u00fcr den menschlichen Organismus. MSM (Methyl-Sulfonyl-Methan) liefert dem K\u00f6rper wichtige Schwefelverbindungen, die ein Bestandteil von gesunden Gelenken, Knorpeln, Knochen, Haut und Haaren sind. F\u00fcr seinen Einsatz als Nahrungserg\u00e4nzungsmittel ist entscheidend, dass auf \u00e4u\u00dferste Reinheit geachtet wird. Alpinamed\u00ae MSM Arthro wird in einem 4-stufigen Destillationsverfahren hergestellt und ist \u00fcber 99,9 % rein. Somit hat unser verwendeter MSM-Schwefel die h\u00f6chste Reinheitsstufe. Ideal erg\u00e4nzt wird MSM mit Molybd\u00e4n, welches die Verstoffwechslung schwefelhaltiger Verbindungen unterst\u00fctzt.N\u00fctzen k\u00f6nnen Sie den positiven Beitrag von MSM-Schwefel in Form der neuen Alpinamed\u00ae MSM Arthro Tabletten..<\/p>\n","protected":false},"excerpt":{"rendered":"<p>Der Mineralstoff Schwefel ist essentiell f\u00fcr den menschlichen Organismus. MSM (Methyl-Sulfonyl-Methan) liefert dem K\u00f6rper wichtige Schwefelverbindungen, die ein Bestandteil von gesunden Gelenken, Knorpeln, Knochen, Haut und Haaren sind. F\u00fcr seinen Einsatz als Nahrungserg\u00e4nzungsmittel ist entscheidend, dass auf \u00e4u\u00dferste Reinheit geachtet wird. Alpinamed\u00ae MSM Arthro wird in einem 4-stufigen Destillationsverfahren hergestellt und ist \u00fcber 99,9 % [&hellip;]<\/p>\n","protected":false},"featured_media":94091,"template":"","meta":{"_acf_changed":false},"product_brand":[366],"product_cat":[801],"product_tag":[],"class_list":{"0":"post-94089","1":"product","2":"type-product","3":"status-publish","4":"has-post-thumbnail","6":"product_brand-alpinamed","7":"product_cat-a","8":"pa_packungsgroesse-90-stueck","10":"first","11":"instock","12":"shipping-taxable","13":"purchasable","14":"product-type-simple"},"acf":[],"_links":{"self":[{"href":"https:\/\/www.ernstbrunn-apotheke.at\/katalog\/wp-json\/wp\/v2\/product\/94089","targetHints":{"allow":["GET"]}}],"collection":[{"href":"https:\/\/www.ernstbrunn-apotheke.at\/katalog\/wp-json\/wp\/v2\/product"}],"about":[{"href":"https:\/\/www.ernstbrunn-apotheke.at\/katalog\/wp-json\/wp\/v2\/types\/product"}],"wp:featuredmedia":[{"embeddable":true,"href":"https:\/\/www.ernstbrunn-apotheke.at\/katalog\/wp-json\/wp\/v2\/media\/94091"}],"wp:attachment":[{"href":"https:\/\/www.ernstbrunn-apotheke.at\/katalog\/wp-json\/wp\/v2\/media?parent=94089"}],"wp:term":[{"taxonomy":"product_brand","embeddable":true,"href":"https:\/\/www.ernstbrunn-apotheke.at\/katalog\/wp-json\/wp\/v2\/product_brand?post=94089"},{"taxonomy":"product_cat","embeddable":true,"href":"https:\/\/www.ernstbrunn-apotheke.at\/katalog\/wp-json\/wp\/v2\/product_cat?post=94089"},{"taxonomy":"product_tag","embeddable":true,"href":"https:\/\/www.ernstbrunn-apotheke.at\/katalog\/wp-json\/wp\/v2\/product_tag?post=94089"}],"curies":[{"name":"wp","href":"https:\/\/api.w.org\/{rel}","templated":true}]}}