{"id":94079,"date":"2025-11-12T09:41:32","date_gmt":"2025-11-12T08:41:32","guid":{"rendered":"https:\/\/www.ernstbrunn-apotheke.at\/katalog\/produkt\/alpinamed-curcuma-intest-kapseln-60-stk\/"},"modified":"2025-12-08T20:37:52","modified_gmt":"2025-12-08T19:37:52","slug":"alpinamed-curcuma-intest-kapseln-60-stk","status":"publish","type":"product","link":"https:\/\/www.ernstbrunn-apotheke.at\/katalog\/produkt\/alpinamed-curcuma-intest-kapseln-60-stk\/","title":{"rendered":"Alpinamed Curcuma Intest Kapseln 60 Stk."},"content":{"rendered":"<p>Alpinamed Curcuma Intest Kapseln enthalten Kurkumawurzelextrakt (184mg) mit darmverf\u00fcgbaren Curcumin und turmeronhaltigem Kurukuma\u00f6l. Au\u00dferdem beinhalten sie Wohltuende \u00e4therische \u00d6le aus Fenchel und Pfefferminze und werden durch Vitamin A und Molybd\u00e4n optimal erg\u00e4nzt. Vitamin A pflegt den Verdauungstrakt und unterst\u00fctzt die Schleimhaut.!<\/p>\n","protected":false},"excerpt":{"rendered":"<p>Alpinamed Curcuma Intest Kapseln enthalten Kurkumawurzelextrakt (184mg) mit darmverf\u00fcgbaren Curcumin und turmeronhaltigem Kurukuma\u00f6l. Au\u00dferdem beinhalten sie Wohltuende \u00e4therische \u00d6le aus Fenchel und Pfefferminze und werden durch Vitamin A und Molybd\u00e4n optimal erg\u00e4nzt. Vitamin A pflegt den Verdauungstrakt und unterst\u00fctzt die Schleimhaut.!<\/p>\n","protected":false},"featured_media":94081,"template":"","meta":{"_acf_changed":false},"product_brand":[366],"product_cat":[801],"product_tag":[],"class_list":{"0":"post-94079","1":"product","2":"type-product","3":"status-publish","4":"has-post-thumbnail","6":"product_brand-alpinamed","7":"product_cat-a","8":"pa_packungsgroesse-60-stueck","10":"first","11":"instock","12":"shipping-taxable","13":"purchasable","14":"product-type-simple"},"acf":[],"_links":{"self":[{"href":"https:\/\/www.ernstbrunn-apotheke.at\/katalog\/wp-json\/wp\/v2\/product\/94079","targetHints":{"allow":["GET"]}}],"collection":[{"href":"https:\/\/www.ernstbrunn-apotheke.at\/katalog\/wp-json\/wp\/v2\/product"}],"about":[{"href":"https:\/\/www.ernstbrunn-apotheke.at\/katalog\/wp-json\/wp\/v2\/types\/product"}],"wp:featuredmedia":[{"embeddable":true,"href":"https:\/\/www.ernstbrunn-apotheke.at\/katalog\/wp-json\/wp\/v2\/media\/94081"}],"wp:attachment":[{"href":"https:\/\/www.ernstbrunn-apotheke.at\/katalog\/wp-json\/wp\/v2\/media?parent=94079"}],"wp:term":[{"taxonomy":"product_brand","embeddable":true,"href":"https:\/\/www.ernstbrunn-apotheke.at\/katalog\/wp-json\/wp\/v2\/product_brand?post=94079"},{"taxonomy":"product_cat","embeddable":true,"href":"https:\/\/www.ernstbrunn-apotheke.at\/katalog\/wp-json\/wp\/v2\/product_cat?post=94079"},{"taxonomy":"product_tag","embeddable":true,"href":"https:\/\/www.ernstbrunn-apotheke.at\/katalog\/wp-json\/wp\/v2\/product_tag?post=94079"}],"curies":[{"name":"wp","href":"https:\/\/api.w.org\/{rel}","templated":true}]}}