{"id":94069,"date":"2025-11-12T09:41:32","date_gmt":"2025-11-12T08:41:32","guid":{"rendered":"https:\/\/www.ernstbrunn-apotheke.at\/katalog\/produkt\/alpinamed-curcuma-forte-250-ml\/"},"modified":"2025-12-08T20:37:50","modified_gmt":"2025-12-08T19:37:50","slug":"alpinamed-curcuma-forte-250-ml","status":"publish","type":"product","link":"https:\/\/www.ernstbrunn-apotheke.at\/katalog\/produkt\/alpinamed-curcuma-forte-250-ml\/","title":{"rendered":"Alpinamed Curcuma Forte 250 ML"},"content":{"rendered":"<p>Alpinamed Curcuma Forte Liquid enth\u00e4lt hochdosiertes Cucurmin in einer f\u00fcr den K\u00f6rper optimal verf\u00fcgbaren Form (150mg pro 5ml). Pfirsicharoma rundet das Produkt geschmacklich perfekt ab. Alpinamed Curcuma Forte Liquid beinhaltet keine synthetische Emulgatoren.!<\/p>\n","protected":false},"excerpt":{"rendered":"<p>Alpinamed Curcuma Forte Liquid enth\u00e4lt hochdosiertes Cucurmin in einer f\u00fcr den K\u00f6rper optimal verf\u00fcgbaren Form (150mg pro 5ml). Pfirsicharoma rundet das Produkt geschmacklich perfekt ab. Alpinamed Curcuma Forte Liquid beinhaltet keine synthetische Emulgatoren.!<\/p>\n","protected":false},"featured_media":94071,"template":"","meta":{"_acf_changed":false},"product_brand":[366],"product_cat":[801],"product_tag":[],"class_list":{"0":"post-94069","1":"product","2":"type-product","3":"status-publish","4":"has-post-thumbnail","6":"product_brand-alpinamed","7":"product_cat-a","8":"pa_packungsgroesse-250ml","10":"first","11":"instock","12":"shipping-taxable","13":"purchasable","14":"product-type-simple"},"acf":[],"_links":{"self":[{"href":"https:\/\/www.ernstbrunn-apotheke.at\/katalog\/wp-json\/wp\/v2\/product\/94069","targetHints":{"allow":["GET"]}}],"collection":[{"href":"https:\/\/www.ernstbrunn-apotheke.at\/katalog\/wp-json\/wp\/v2\/product"}],"about":[{"href":"https:\/\/www.ernstbrunn-apotheke.at\/katalog\/wp-json\/wp\/v2\/types\/product"}],"wp:featuredmedia":[{"embeddable":true,"href":"https:\/\/www.ernstbrunn-apotheke.at\/katalog\/wp-json\/wp\/v2\/media\/94071"}],"wp:attachment":[{"href":"https:\/\/www.ernstbrunn-apotheke.at\/katalog\/wp-json\/wp\/v2\/media?parent=94069"}],"wp:term":[{"taxonomy":"product_brand","embeddable":true,"href":"https:\/\/www.ernstbrunn-apotheke.at\/katalog\/wp-json\/wp\/v2\/product_brand?post=94069"},{"taxonomy":"product_cat","embeddable":true,"href":"https:\/\/www.ernstbrunn-apotheke.at\/katalog\/wp-json\/wp\/v2\/product_cat?post=94069"},{"taxonomy":"product_tag","embeddable":true,"href":"https:\/\/www.ernstbrunn-apotheke.at\/katalog\/wp-json\/wp\/v2\/product_tag?post=94069"}],"curies":[{"name":"wp","href":"https:\/\/api.w.org\/{rel}","templated":true}]}}