{"id":93824,"date":"2025-11-12T09:35:57","date_gmt":"2025-11-12T08:35:57","guid":{"rendered":"https:\/\/www.ernstbrunn-apotheke.at\/katalog\/produkt\/sonnentor-instant-dinkelkaffee-hildegard-50-g-bio\/"},"modified":"2025-12-08T20:36:40","modified_gmt":"2025-12-08T19:36:40","slug":"sonnentor-instant-dinkelkaffee-hildegard-50-g-bio","status":"publish","type":"product","link":"https:\/\/www.ernstbrunn-apotheke.at\/katalog\/produkt\/sonnentor-instant-dinkelkaffee-hildegard-50-g-bio\/","title":{"rendered":"Sonnentor Instant Dinkelkaffee Hildegard 50 g BIO"},"content":{"rendered":"<p>Der Sonnentor Instant Dinkelkaffee Hildegard im 50 g Glas ist die besonders bek\u00f6mmliche Alternative zum herk\u00f6mmlichen Bohnenkaffee. Durch die milde R\u00f6stnote und die malzig-nussigen Nuancen l\u00e4sst Sie der Hildegard Instant Dinkelkaffee  ganz leicht \u00fcber den Kaffeetassenrand schauen! Einfach einen Teel\u00f6ffel mit einer Tasse Wasser aufgie\u00dfen, umr\u00fchren, fertig.<\/p>\n","protected":false},"excerpt":{"rendered":"<p>Der Sonnentor Instant Dinkelkaffee Hildegard im 50 g Glas ist die besonders bek\u00f6mmliche Alternative zum herk\u00f6mmlichen Bohnenkaffee. Durch die milde R\u00f6stnote und die malzig-nussigen Nuancen l\u00e4sst Sie der Hildegard Instant Dinkelkaffee ganz leicht \u00fcber den Kaffeetassenrand schauen! Einfach einen Teel\u00f6ffel mit einer Tasse Wasser aufgie\u00dfen, umr\u00fchren, fertig.<\/p>\n","protected":false},"featured_media":93826,"template":"","meta":{"_acf_changed":false},"product_brand":[925],"product_cat":[791],"product_tag":[],"class_list":{"0":"post-93824","1":"product","2":"type-product","3":"status-publish","4":"has-post-thumbnail","6":"product_brand-sonnentor","7":"product_cat-s","8":"pa_packungsgroesse-50g","10":"first","11":"instock","12":"shipping-taxable","13":"purchasable","14":"product-type-simple"},"acf":[],"_links":{"self":[{"href":"https:\/\/www.ernstbrunn-apotheke.at\/katalog\/wp-json\/wp\/v2\/product\/93824","targetHints":{"allow":["GET"]}}],"collection":[{"href":"https:\/\/www.ernstbrunn-apotheke.at\/katalog\/wp-json\/wp\/v2\/product"}],"about":[{"href":"https:\/\/www.ernstbrunn-apotheke.at\/katalog\/wp-json\/wp\/v2\/types\/product"}],"wp:featuredmedia":[{"embeddable":true,"href":"https:\/\/www.ernstbrunn-apotheke.at\/katalog\/wp-json\/wp\/v2\/media\/93826"}],"wp:attachment":[{"href":"https:\/\/www.ernstbrunn-apotheke.at\/katalog\/wp-json\/wp\/v2\/media?parent=93824"}],"wp:term":[{"taxonomy":"product_brand","embeddable":true,"href":"https:\/\/www.ernstbrunn-apotheke.at\/katalog\/wp-json\/wp\/v2\/product_brand?post=93824"},{"taxonomy":"product_cat","embeddable":true,"href":"https:\/\/www.ernstbrunn-apotheke.at\/katalog\/wp-json\/wp\/v2\/product_cat?post=93824"},{"taxonomy":"product_tag","embeddable":true,"href":"https:\/\/www.ernstbrunn-apotheke.at\/katalog\/wp-json\/wp\/v2\/product_tag?post=93824"}],"curies":[{"name":"wp","href":"https:\/\/api.w.org\/{rel}","templated":true}]}}