{"id":93727,"date":"2025-11-12T09:33:52","date_gmt":"2025-11-12T08:33:52","guid":{"rendered":"https:\/\/www.ernstbrunn-apotheke.at\/katalog\/produkt\/sonnentor-chai-kuesschen-gewuerz-blueten-zubereitung-bio-70-g\/"},"modified":"2025-12-08T20:36:16","modified_gmt":"2025-12-08T19:36:16","slug":"sonnentor-chai-kuesschen-gewuerz-blueten-zubereitung-bio-70-g","status":"publish","type":"product","link":"https:\/\/www.ernstbrunn-apotheke.at\/katalog\/produkt\/sonnentor-chai-kuesschen-gewuerz-blueten-zubereitung-bio-70-g\/","title":{"rendered":"Sonnentor Chai K\u00fcsschen Gew\u00fcrz-Bl\u00fcten-Zubereitung bio, 70 g"},"content":{"rendered":"<p>Wer den Geschmack von Kardamom, Zimt, Piment und Ingwer zum Beispiel mit dem Milchschaum seines Schwarz-, Gew&uuml;rz-, Roiboostees oder Kaffees kombinieren m&ouml;chte, greift zu diesem Gew&uuml;rz-Bl&uuml;ten-Zucker. Die orientalische Mischung l&auml;sst fliegende Teppiche wahr werden und erinnert an 1000 und eine Nacht. Das gewisse Etwas, ideal zum Verfeinern von Kaffee, Tee, Desserts. z.B. zur Verfeinerung von Milchschaum auf Schwarztee, Chai, Gew&uuml;rztees, Roiboos, Kaffee, Kakao. Zum Verfeinern von warmen Milchspeisen (Milchreis, Grie&szlig;koch etc.). F&uuml;r Joghurts, Kekse, Eis etc. Auch in der Streudose erh&auml;ltlich.<\/p>\n<p>Zutaten vegan<\/p>\n<p>R&uuml;benzucker bio (84,8%), Sonnenblumenbl&uuml;tenbl&auml;tter bio, Piment bio, Kardamom bio, Ingwer bio (gemahlen), Zimt Cassia bio, Nelken bio<br \/>Vor W&auml;rme gesch&uuml;tzt und trocken lagern<br \/>Wie schmeckt&#39;s<\/p>\n<p>Das Chai K&uuml;sschen ist eine s&uuml;&szlig;e, orientalische Verf&uuml;hrung. Im Geschmack besticht das Chai K&uuml;sschen durch seine angenehme S&uuml;&szlig;e, der orientalischen W&uuml;rze und &uuml;berrascht im Abgang mit einer holzigen Sch&auml;rfe.<\/p>\n<p>Genuss- &amp; Kochtipps<\/p>\n<p>Das Chai K&uuml;sschen eignet sich f&uuml;r alle S&uuml;&szlig;speisen oder Tee- und Kaffeespezialit&auml;ten, denen Sie einen Hauch von Orient verleihen m&ouml;chten. Die sinnlich-w&uuml;rzige S&uuml;&szlig;e macht Desserts und Mehlspeisen zu etwas Besonderem.<\/p>\n<p>N&auml;hr-\/Brennwerte pro 100g Trockenprodukt<\/p>\n<p>Brennwert: 1625 kJ<br \/>Brennwert: 383 kcal<br \/>Fett: 0,97 g<br \/>&#8211; davon ges. Fetts&auml;uren: 0,39 g<br \/>Kohlenhydrate: 91,29 g<br \/>&#8211; davon Zucker: 90,33 g<br \/>Eiwei&szlig;: 0,94 g<br \/>Salz: 0,01 g<\/p>\n","protected":false},"excerpt":{"rendered":"<p>Wer den Geschmack von Kardamom, Zimt, Piment und Ingwer zum Beispiel mit dem Milchschaum seines Schwarz-, Gew&uuml;rz-, Roiboostees oder Kaffees kombinieren m&ouml;chte, greift zu diesem Gew&uuml;rz-Bl&uuml;ten-Zucker. Die orientalische Mischung l&auml;sst fliegende Teppiche wahr werden und erinnert an 1000 und eine Nacht. Das gewisse Etwas, ideal zum Verfeinern von Kaffee, Tee, Desserts. z.B. zur Verfeinerung von [&hellip;]<\/p>\n","protected":false},"featured_media":93729,"template":"","meta":{"_acf_changed":false},"product_brand":[925],"product_cat":[791],"product_tag":[],"class_list":{"0":"post-93727","1":"product","2":"type-product","3":"status-publish","4":"has-post-thumbnail","6":"product_brand-sonnentor","7":"product_cat-s","8":"pa_packungsgroesse-70g","10":"first","11":"instock","12":"shipping-taxable","13":"purchasable","14":"product-type-simple"},"acf":[],"_links":{"self":[{"href":"https:\/\/www.ernstbrunn-apotheke.at\/katalog\/wp-json\/wp\/v2\/product\/93727","targetHints":{"allow":["GET"]}}],"collection":[{"href":"https:\/\/www.ernstbrunn-apotheke.at\/katalog\/wp-json\/wp\/v2\/product"}],"about":[{"href":"https:\/\/www.ernstbrunn-apotheke.at\/katalog\/wp-json\/wp\/v2\/types\/product"}],"wp:featuredmedia":[{"embeddable":true,"href":"https:\/\/www.ernstbrunn-apotheke.at\/katalog\/wp-json\/wp\/v2\/media\/93729"}],"wp:attachment":[{"href":"https:\/\/www.ernstbrunn-apotheke.at\/katalog\/wp-json\/wp\/v2\/media?parent=93727"}],"wp:term":[{"taxonomy":"product_brand","embeddable":true,"href":"https:\/\/www.ernstbrunn-apotheke.at\/katalog\/wp-json\/wp\/v2\/product_brand?post=93727"},{"taxonomy":"product_cat","embeddable":true,"href":"https:\/\/www.ernstbrunn-apotheke.at\/katalog\/wp-json\/wp\/v2\/product_cat?post=93727"},{"taxonomy":"product_tag","embeddable":true,"href":"https:\/\/www.ernstbrunn-apotheke.at\/katalog\/wp-json\/wp\/v2\/product_tag?post=93727"}],"curies":[{"name":"wp","href":"https:\/\/api.w.org\/{rel}","templated":true}]}}