{"id":93651,"date":"2025-11-12T09:31:48","date_gmt":"2025-11-12T08:31:48","guid":{"rendered":"https:\/\/www.ernstbrunn-apotheke.at\/katalog\/produkt\/sonnentor-basen-fastenzeit-tee-lose-50g-bio\/"},"modified":"2025-12-08T20:35:57","modified_gmt":"2025-12-08T19:35:57","slug":"sonnentor-basen-fastenzeit-tee-lose-50g-bio","status":"publish","type":"product","link":"https:\/\/www.ernstbrunn-apotheke.at\/katalog\/produkt\/sonnentor-basen-fastenzeit-tee-lose-50g-bio\/","title":{"rendered":"Sonnentor Basen Fastenzeit Tee lose 50g BIO"},"content":{"rendered":"<p>Der Sonnentor Basen FastenzeitTee Kr\u00e4utertee in der losen Variante (50 g) begleitet Sie mit seinem blumigen Aroma entspannt durch die Fastenzeit und unterst\u00fctzt mit Zitronenmelisse, Himbeerbl\u00e4ttern, Haselnussbl\u00e4ttern und Brennnesseln bei der Balance-Findung.<\/p>\n","protected":false},"excerpt":{"rendered":"<p>Der Sonnentor Basen FastenzeitTee Kr\u00e4utertee in der losen Variante (50 g) begleitet Sie mit seinem blumigen Aroma entspannt durch die Fastenzeit und unterst\u00fctzt mit Zitronenmelisse, Himbeerbl\u00e4ttern, Haselnussbl\u00e4ttern und Brennnesseln bei der Balance-Findung.<\/p>\n","protected":false},"featured_media":93653,"template":"","meta":{"_acf_changed":false},"product_brand":[925],"product_cat":[791],"product_tag":[],"class_list":{"0":"post-93651","1":"product","2":"type-product","3":"status-publish","4":"has-post-thumbnail","6":"product_brand-sonnentor","7":"product_cat-s","8":"pa_packungsgroesse-50g","10":"first","11":"instock","12":"shipping-taxable","13":"purchasable","14":"product-type-simple"},"acf":[],"_links":{"self":[{"href":"https:\/\/www.ernstbrunn-apotheke.at\/katalog\/wp-json\/wp\/v2\/product\/93651","targetHints":{"allow":["GET"]}}],"collection":[{"href":"https:\/\/www.ernstbrunn-apotheke.at\/katalog\/wp-json\/wp\/v2\/product"}],"about":[{"href":"https:\/\/www.ernstbrunn-apotheke.at\/katalog\/wp-json\/wp\/v2\/types\/product"}],"wp:featuredmedia":[{"embeddable":true,"href":"https:\/\/www.ernstbrunn-apotheke.at\/katalog\/wp-json\/wp\/v2\/media\/93653"}],"wp:attachment":[{"href":"https:\/\/www.ernstbrunn-apotheke.at\/katalog\/wp-json\/wp\/v2\/media?parent=93651"}],"wp:term":[{"taxonomy":"product_brand","embeddable":true,"href":"https:\/\/www.ernstbrunn-apotheke.at\/katalog\/wp-json\/wp\/v2\/product_brand?post=93651"},{"taxonomy":"product_cat","embeddable":true,"href":"https:\/\/www.ernstbrunn-apotheke.at\/katalog\/wp-json\/wp\/v2\/product_cat?post=93651"},{"taxonomy":"product_tag","embeddable":true,"href":"https:\/\/www.ernstbrunn-apotheke.at\/katalog\/wp-json\/wp\/v2\/product_tag?post=93651"}],"curies":[{"name":"wp","href":"https:\/\/api.w.org\/{rel}","templated":true}]}}