{"id":93155,"date":"2025-11-12T09:19:15","date_gmt":"2025-11-12T08:19:15","guid":{"rendered":"https:\/\/www.ernstbrunn-apotheke.at\/katalog\/produkt\/la-roche-posay-toleriane-sensitive-fluide-40-ml\/"},"modified":"2025-12-08T20:33:52","modified_gmt":"2025-12-08T19:33:52","slug":"la-roche-posay-toleriane-sensitive-fluide-40-ml","status":"publish","type":"product","link":"https:\/\/www.ernstbrunn-apotheke.at\/katalog\/produkt\/la-roche-posay-toleriane-sensitive-fluide-40-ml\/","title":{"rendered":"La Roche-Posay Toleriane Sensitive Fluide 40 ml"},"content":{"rendered":"<p>La Roche-Posay Toleriane Sensitive Fluide 40 ml ist ein beruhigendes, nicht fettendes Fluid und spendet empfindlicher Haut unmittelbar Feuchtigkeit und beruhigt Irritationen und Hitzegef\u00fchle. Speziell f\u00fcr leicht reizbare, empfindliche Mischhaut bis fettige Haut.Toleriane Fluide ist eine leichte Pflege f\u00fcr empfindliche Haut mit hautberuhigendem Thermalwasser aus La Roche-Posay, die reizmildernd wirkt und die Haut bei Irritationen und Hitzegef\u00fchlen beruhigt. Ein Minimum an hochwirksamen Inhaltsstoffen macht Toleriane Fluide besonders vertr\u00e4glich &#8211; jetzt zum Bestpreis online bestellen!<\/p>\n","protected":false},"excerpt":{"rendered":"<p>La Roche-Posay Toleriane Sensitive Fluide 40 ml ist ein beruhigendes, nicht fettendes Fluid und spendet empfindlicher Haut unmittelbar Feuchtigkeit und beruhigt Irritationen und Hitzegef\u00fchle. Speziell f\u00fcr leicht reizbare, empfindliche Mischhaut bis fettige Haut.Toleriane Fluide ist eine leichte Pflege f\u00fcr empfindliche Haut mit hautberuhigendem Thermalwasser aus La Roche-Posay, die reizmildernd wirkt und die Haut bei Irritationen [&hellip;]<\/p>\n","protected":false},"featured_media":93157,"template":"","meta":{"_acf_changed":false},"product_brand":[677],"product_cat":[795],"product_tag":[],"class_list":{"0":"post-93155","1":"product","2":"type-product","3":"status-publish","4":"has-post-thumbnail","6":"product_brand-la-roche-posay","7":"product_cat-l","8":"pa_packungsgroesse-40ml","10":"first","11":"instock","12":"shipping-taxable","13":"purchasable","14":"product-type-simple"},"acf":[],"_links":{"self":[{"href":"https:\/\/www.ernstbrunn-apotheke.at\/katalog\/wp-json\/wp\/v2\/product\/93155","targetHints":{"allow":["GET"]}}],"collection":[{"href":"https:\/\/www.ernstbrunn-apotheke.at\/katalog\/wp-json\/wp\/v2\/product"}],"about":[{"href":"https:\/\/www.ernstbrunn-apotheke.at\/katalog\/wp-json\/wp\/v2\/types\/product"}],"wp:featuredmedia":[{"embeddable":true,"href":"https:\/\/www.ernstbrunn-apotheke.at\/katalog\/wp-json\/wp\/v2\/media\/93157"}],"wp:attachment":[{"href":"https:\/\/www.ernstbrunn-apotheke.at\/katalog\/wp-json\/wp\/v2\/media?parent=93155"}],"wp:term":[{"taxonomy":"product_brand","embeddable":true,"href":"https:\/\/www.ernstbrunn-apotheke.at\/katalog\/wp-json\/wp\/v2\/product_brand?post=93155"},{"taxonomy":"product_cat","embeddable":true,"href":"https:\/\/www.ernstbrunn-apotheke.at\/katalog\/wp-json\/wp\/v2\/product_cat?post=93155"},{"taxonomy":"product_tag","embeddable":true,"href":"https:\/\/www.ernstbrunn-apotheke.at\/katalog\/wp-json\/wp\/v2\/product_tag?post=93155"}],"curies":[{"name":"wp","href":"https:\/\/api.w.org\/{rel}","templated":true}]}}