{"id":93135,"date":"2025-11-12T09:19:15","date_gmt":"2025-11-12T08:19:15","guid":{"rendered":"https:\/\/www.ernstbrunn-apotheke.at\/katalog\/produkt\/la-roche-posay-thermalwasser-spray-100-ml\/"},"modified":"2025-12-08T20:33:49","modified_gmt":"2025-12-08T19:33:49","slug":"la-roche-posay-thermalwasser-spray-100-ml","status":"publish","type":"product","link":"https:\/\/www.ernstbrunn-apotheke.at\/katalog\/produkt\/la-roche-posay-thermalwasser-spray-100-ml\/","title":{"rendered":"La Roche-Posay Thermalwasser Spray 100 ml"},"content":{"rendered":"<p>Das Thermalwasser von La Roche-Posay hat aufgrund seiner einzigartigen Kombination von Mineralstoffen und Spurenelementen, vor allem Selen, eine nat\u00fcrliche Schutzwirkung gegen\u00fcber freien Radikalen. Er lindert die Reizempfindlichkeit der Haut und st\u00e4rkt den Abwehrmechanismus. Vorzeitiger Hautalterung wird vorgebeugt. Die Haut wird sp\u00fcrbar weicher und widerstandf\u00e4higer &#8211; jetzt online bestellen<\/p>\n","protected":false},"excerpt":{"rendered":"<p>Das Thermalwasser von La Roche-Posay hat aufgrund seiner einzigartigen Kombination von Mineralstoffen und Spurenelementen, vor allem Selen, eine nat\u00fcrliche Schutzwirkung gegen\u00fcber freien Radikalen. Er lindert die Reizempfindlichkeit der Haut und st\u00e4rkt den Abwehrmechanismus. Vorzeitiger Hautalterung wird vorgebeugt. Die Haut wird sp\u00fcrbar weicher und widerstandf\u00e4higer &#8211; jetzt online bestellen<\/p>\n","protected":false},"featured_media":93137,"template":"","meta":{"_acf_changed":false},"product_brand":[677],"product_cat":[795],"product_tag":[],"class_list":{"0":"post-93135","1":"product","2":"type-product","3":"status-publish","4":"has-post-thumbnail","6":"product_brand-la-roche-posay","7":"product_cat-l","8":"pa_packungsgroesse-100ml","10":"first","11":"instock","12":"shipping-taxable","13":"purchasable","14":"product-type-simple"},"acf":[],"_links":{"self":[{"href":"https:\/\/www.ernstbrunn-apotheke.at\/katalog\/wp-json\/wp\/v2\/product\/93135","targetHints":{"allow":["GET"]}}],"collection":[{"href":"https:\/\/www.ernstbrunn-apotheke.at\/katalog\/wp-json\/wp\/v2\/product"}],"about":[{"href":"https:\/\/www.ernstbrunn-apotheke.at\/katalog\/wp-json\/wp\/v2\/types\/product"}],"wp:featuredmedia":[{"embeddable":true,"href":"https:\/\/www.ernstbrunn-apotheke.at\/katalog\/wp-json\/wp\/v2\/media\/93137"}],"wp:attachment":[{"href":"https:\/\/www.ernstbrunn-apotheke.at\/katalog\/wp-json\/wp\/v2\/media?parent=93135"}],"wp:term":[{"taxonomy":"product_brand","embeddable":true,"href":"https:\/\/www.ernstbrunn-apotheke.at\/katalog\/wp-json\/wp\/v2\/product_brand?post=93135"},{"taxonomy":"product_cat","embeddable":true,"href":"https:\/\/www.ernstbrunn-apotheke.at\/katalog\/wp-json\/wp\/v2\/product_cat?post=93135"},{"taxonomy":"product_tag","embeddable":true,"href":"https:\/\/www.ernstbrunn-apotheke.at\/katalog\/wp-json\/wp\/v2\/product_tag?post=93135"}],"curies":[{"name":"wp","href":"https:\/\/api.w.org\/{rel}","templated":true}]}}