{"id":93111,"date":"2025-11-12T09:18:09","date_gmt":"2025-11-12T08:18:09","guid":{"rendered":"https:\/\/www.ernstbrunn-apotheke.at\/katalog\/produkt\/solarvit-immun-forte-4000-tabletten-30-stk\/"},"modified":"2025-12-08T20:33:45","modified_gmt":"2025-12-08T19:33:45","slug":"solarvit-immun-forte-4000-tabletten-30-stk","status":"publish","type":"product","link":"https:\/\/www.ernstbrunn-apotheke.at\/katalog\/produkt\/solarvit-immun-forte-4000-tabletten-30-stk\/","title":{"rendered":"Solarvit Immun forte 4000 Tabletten 30 Stk."},"content":{"rendered":"<p>Solarvit Immun forte 4000 Tabletten leistet einen wertvollen Beitrag f\u00fcr ein gesundes Immunsystem. Heute wei\u00df man, dass vor allem die angeborene Immunit\u00e4t, also die Erstabwehr von Keimen, durch Vitamin D positiv beeinflusst wird  sowie in zweiter Linie dann auch die sogenannte erworbene Immunit\u00e4t, d.h. die Produktion von Antik\u00f6rpern und die Ausbildung des Immunged\u00e4chtnisses. Solarvit IMMUN forte D3 4000 I.E. Tabletten liefern hochdosiertes Vitamin D3.<\/p>\n","protected":false},"excerpt":{"rendered":"<p>Solarvit Immun forte 4000 Tabletten leistet einen wertvollen Beitrag f\u00fcr ein gesundes Immunsystem. Heute wei\u00df man, dass vor allem die angeborene Immunit\u00e4t, also die Erstabwehr von Keimen, durch Vitamin D positiv beeinflusst wird sowie in zweiter Linie dann auch die sogenannte erworbene Immunit\u00e4t, d.h. die Produktion von Antik\u00f6rpern und die Ausbildung des Immunged\u00e4chtnisses. Solarvit IMMUN [&hellip;]<\/p>\n","protected":false},"featured_media":93113,"template":"","meta":{"_acf_changed":false},"product_brand":[1050],"product_cat":[791],"product_tag":[],"class_list":{"0":"post-93111","1":"product","2":"type-product","3":"status-publish","4":"has-post-thumbnail","6":"product_brand-solarvit","7":"product_cat-s","8":"pa_packungsgroesse-30-stueck","10":"first","11":"instock","12":"shipping-taxable","13":"purchasable","14":"product-type-simple"},"acf":[],"_links":{"self":[{"href":"https:\/\/www.ernstbrunn-apotheke.at\/katalog\/wp-json\/wp\/v2\/product\/93111","targetHints":{"allow":["GET"]}}],"collection":[{"href":"https:\/\/www.ernstbrunn-apotheke.at\/katalog\/wp-json\/wp\/v2\/product"}],"about":[{"href":"https:\/\/www.ernstbrunn-apotheke.at\/katalog\/wp-json\/wp\/v2\/types\/product"}],"wp:featuredmedia":[{"embeddable":true,"href":"https:\/\/www.ernstbrunn-apotheke.at\/katalog\/wp-json\/wp\/v2\/media\/93113"}],"wp:attachment":[{"href":"https:\/\/www.ernstbrunn-apotheke.at\/katalog\/wp-json\/wp\/v2\/media?parent=93111"}],"wp:term":[{"taxonomy":"product_brand","embeddable":true,"href":"https:\/\/www.ernstbrunn-apotheke.at\/katalog\/wp-json\/wp\/v2\/product_brand?post=93111"},{"taxonomy":"product_cat","embeddable":true,"href":"https:\/\/www.ernstbrunn-apotheke.at\/katalog\/wp-json\/wp\/v2\/product_cat?post=93111"},{"taxonomy":"product_tag","embeddable":true,"href":"https:\/\/www.ernstbrunn-apotheke.at\/katalog\/wp-json\/wp\/v2\/product_tag?post=93111"}],"curies":[{"name":"wp","href":"https:\/\/api.w.org\/{rel}","templated":true}]}}