{"id":92936,"date":"2025-11-12T09:15:30","date_gmt":"2025-11-12T08:15:30","guid":{"rendered":"https:\/\/www.ernstbrunn-apotheke.at\/katalog\/produkt\/bano-tiroler-alpenkraeuter-kraeuteroelschaumbad\/"},"modified":"2025-12-08T20:32:38","modified_gmt":"2025-12-08T19:32:38","slug":"bano-tiroler-alpenkraeuter-kraeuteroelschaumbad","status":"publish","type":"product","link":"https:\/\/www.ernstbrunn-apotheke.at\/katalog\/produkt\/bano-tiroler-alpenkraeuter-kraeuteroelschaumbad\/","title":{"rendered":"BANO Tiroler Alpenkr\u00e4uter Kr\u00e4uter\u00f6lschaumbad"},"content":{"rendered":"<p>Das Alpenkr&auml;uter &Ouml;lschaumbad ist aus hautfreundlichen Zutaten und &Ouml;len hergestellt. Durch seine Zusammensetzung bewirkt es die optimale Anregung und St&auml;rkung des gesamten K&ouml;rpers. <\/p>\n<h3>Anwendung<\/h3>\n<p>Kr&auml;uter&ouml;lschaumbad ins einlaufende Wasser gie&szlig;en, bis die gew&uuml;nschte Menge an Schaum vorhanden ist und dann das Bad genie&szlig;en.<\/p>\n","protected":false},"excerpt":{"rendered":"<p>Das Alpenkr&auml;uter &Ouml;lschaumbad ist aus hautfreundlichen Zutaten und &Ouml;len hergestellt. Durch seine Zusammensetzung bewirkt es die optimale Anregung und St&auml;rkung des gesamten K&ouml;rpers. Anwendung Kr&auml;uter&ouml;lschaumbad ins einlaufende Wasser gie&szlig;en, bis die gew&uuml;nschte Menge an Schaum vorhanden ist und dann das Bad genie&szlig;en.<\/p>\n","protected":false},"featured_media":92938,"template":"","meta":{"_acf_changed":false},"product_brand":[1005],"product_cat":[802],"product_tag":[],"class_list":{"0":"post-92936","1":"product","2":"type-product","3":"status-publish","4":"has-post-thumbnail","6":"product_brand-bano","7":"product_cat-b","8":"pa_geschmack-alpenkraeuter","9":"pa_packungsgroesse-250ml","11":"first","12":"instock","13":"shipping-taxable","14":"purchasable","15":"product-type-simple"},"acf":[],"_links":{"self":[{"href":"https:\/\/www.ernstbrunn-apotheke.at\/katalog\/wp-json\/wp\/v2\/product\/92936","targetHints":{"allow":["GET"]}}],"collection":[{"href":"https:\/\/www.ernstbrunn-apotheke.at\/katalog\/wp-json\/wp\/v2\/product"}],"about":[{"href":"https:\/\/www.ernstbrunn-apotheke.at\/katalog\/wp-json\/wp\/v2\/types\/product"}],"wp:featuredmedia":[{"embeddable":true,"href":"https:\/\/www.ernstbrunn-apotheke.at\/katalog\/wp-json\/wp\/v2\/media\/92938"}],"wp:attachment":[{"href":"https:\/\/www.ernstbrunn-apotheke.at\/katalog\/wp-json\/wp\/v2\/media?parent=92936"}],"wp:term":[{"taxonomy":"product_brand","embeddable":true,"href":"https:\/\/www.ernstbrunn-apotheke.at\/katalog\/wp-json\/wp\/v2\/product_brand?post=92936"},{"taxonomy":"product_cat","embeddable":true,"href":"https:\/\/www.ernstbrunn-apotheke.at\/katalog\/wp-json\/wp\/v2\/product_cat?post=92936"},{"taxonomy":"product_tag","embeddable":true,"href":"https:\/\/www.ernstbrunn-apotheke.at\/katalog\/wp-json\/wp\/v2\/product_tag?post=92936"}],"curies":[{"name":"wp","href":"https:\/\/api.w.org\/{rel}","templated":true}]}}