{"id":92831,"date":"2025-11-12T09:13:14","date_gmt":"2025-11-12T08:13:14","guid":{"rendered":"https:\/\/www.ernstbrunn-apotheke.at\/katalog\/produkt\/sebamed-creme\/"},"modified":"2025-12-08T20:32:03","modified_gmt":"2025-12-08T19:32:03","slug":"sebamed-creme","status":"publish","type":"product","link":"https:\/\/www.ernstbrunn-apotheke.at\/katalog\/produkt\/sebamed-creme\/","title":{"rendered":"Sebamed Creme"},"content":{"rendered":"<p>sebamed Creme ist eine reichhaltige \u00d6l-in-Wasser Emulsion speziell f\u00fcr die Bed\u00fcrfnisse empfindlicher Haut. Die besonders hohe Konzentration von 2% Vitamin E tr\u00e4gt zum Schutz vor freien Radikalen und damit vor UV-Strahlung und vorzeitiger Hautalterung bei. Der pH-Wert 5,5 st\u00e4rkt den Hautschutzmantel und f\u00f6rdert so die nat\u00fcrliche Widerstandskraft gegen sch\u00e4digende Umwelteinfl\u00fcsse. Das Resultat: Die Haut f\u00fchlt sich glatter und geschmeidiger an. Sie ist gesch\u00fctzt und bleibt l\u00e4nger gesund und sch\u00f6n. Klinische und dermatologische Tests best\u00e4tigen die sehr gute Hautvertr\u00e4glichkeit und Pflegewirkung.<\/p>\n","protected":false},"excerpt":{"rendered":"<p>sebamed Creme ist eine reichhaltige \u00d6l-in-Wasser Emulsion speziell f\u00fcr die Bed\u00fcrfnisse empfindlicher Haut. Die besonders hohe Konzentration von 2% Vitamin E tr\u00e4gt zum Schutz vor freien Radikalen und damit vor UV-Strahlung und vorzeitiger Hautalterung bei. Der pH-Wert 5,5 st\u00e4rkt den Hautschutzmantel und f\u00f6rdert so die nat\u00fcrliche Widerstandskraft gegen sch\u00e4digende Umwelteinfl\u00fcsse. Das Resultat: Die Haut f\u00fchlt [&hellip;]<\/p>\n","protected":false},"featured_media":92833,"template":"","meta":{"_acf_changed":false},"product_brand":[737],"product_cat":[791],"product_tag":[],"class_list":{"0":"post-92831","1":"product","2":"type-product","3":"status-publish","4":"has-post-thumbnail","6":"product_brand-sebamed","7":"product_cat-s","8":"pa_packungsgroesse-75ml","10":"first","11":"instock","12":"shipping-taxable","13":"purchasable","14":"product-type-simple"},"acf":[],"_links":{"self":[{"href":"https:\/\/www.ernstbrunn-apotheke.at\/katalog\/wp-json\/wp\/v2\/product\/92831","targetHints":{"allow":["GET"]}}],"collection":[{"href":"https:\/\/www.ernstbrunn-apotheke.at\/katalog\/wp-json\/wp\/v2\/product"}],"about":[{"href":"https:\/\/www.ernstbrunn-apotheke.at\/katalog\/wp-json\/wp\/v2\/types\/product"}],"wp:featuredmedia":[{"embeddable":true,"href":"https:\/\/www.ernstbrunn-apotheke.at\/katalog\/wp-json\/wp\/v2\/media\/92833"}],"wp:attachment":[{"href":"https:\/\/www.ernstbrunn-apotheke.at\/katalog\/wp-json\/wp\/v2\/media?parent=92831"}],"wp:term":[{"taxonomy":"product_brand","embeddable":true,"href":"https:\/\/www.ernstbrunn-apotheke.at\/katalog\/wp-json\/wp\/v2\/product_brand?post=92831"},{"taxonomy":"product_cat","embeddable":true,"href":"https:\/\/www.ernstbrunn-apotheke.at\/katalog\/wp-json\/wp\/v2\/product_cat?post=92831"},{"taxonomy":"product_tag","embeddable":true,"href":"https:\/\/www.ernstbrunn-apotheke.at\/katalog\/wp-json\/wp\/v2\/product_tag?post=92831"}],"curies":[{"name":"wp","href":"https:\/\/api.w.org\/{rel}","templated":true}]}}