{"id":92765,"date":"2025-11-12T09:11:48","date_gmt":"2025-11-12T08:11:48","guid":{"rendered":"https:\/\/www.ernstbrunn-apotheke.at\/katalog\/produkt\/drapal-kraeuter-salz-streudose\/"},"modified":"2025-12-08T20:31:44","modified_gmt":"2025-12-08T19:31:44","slug":"drapal-kraeuter-salz-streudose","status":"publish","type":"product","link":"https:\/\/www.ernstbrunn-apotheke.at\/katalog\/produkt\/drapal-kraeuter-salz-streudose\/","title":{"rendered":"Drapal Kr\u00e4uter Salz Streudose"},"content":{"rendered":"<p>Drapal Kr\u00e4uter Salz veredelt Ihre Speisen, damit Gutes noch besser wird mit Hilfe des hohen Gehaltes an BIO-Kr\u00e4utern, dem w\u00fcrzigen Aroma und dem ausgezeichneten Geschmack . Die gro\u00dfe Ergiebigkeit wird Sie positiv \u00fcberraschen.<\/p>\n","protected":false},"excerpt":{"rendered":"<p>Drapal Kr\u00e4uter Salz veredelt Ihre Speisen, damit Gutes noch besser wird mit Hilfe des hohen Gehaltes an BIO-Kr\u00e4utern, dem w\u00fcrzigen Aroma und dem ausgezeichneten Geschmack . Die gro\u00dfe Ergiebigkeit wird Sie positiv \u00fcberraschen.<\/p>\n","protected":false},"featured_media":92767,"template":"","meta":{"_acf_changed":false},"product_brand":[],"product_cat":[792],"product_tag":[],"class_list":{"0":"post-92765","1":"product","2":"type-product","3":"status-publish","4":"has-post-thumbnail","6":"product_cat-d","7":"pa_packungsgroesse-250g","9":"first","10":"instock","11":"shipping-taxable","12":"purchasable","13":"product-type-simple"},"acf":[],"_links":{"self":[{"href":"https:\/\/www.ernstbrunn-apotheke.at\/katalog\/wp-json\/wp\/v2\/product\/92765","targetHints":{"allow":["GET"]}}],"collection":[{"href":"https:\/\/www.ernstbrunn-apotheke.at\/katalog\/wp-json\/wp\/v2\/product"}],"about":[{"href":"https:\/\/www.ernstbrunn-apotheke.at\/katalog\/wp-json\/wp\/v2\/types\/product"}],"wp:featuredmedia":[{"embeddable":true,"href":"https:\/\/www.ernstbrunn-apotheke.at\/katalog\/wp-json\/wp\/v2\/media\/92767"}],"wp:attachment":[{"href":"https:\/\/www.ernstbrunn-apotheke.at\/katalog\/wp-json\/wp\/v2\/media?parent=92765"}],"wp:term":[{"taxonomy":"product_brand","embeddable":true,"href":"https:\/\/www.ernstbrunn-apotheke.at\/katalog\/wp-json\/wp\/v2\/product_brand?post=92765"},{"taxonomy":"product_cat","embeddable":true,"href":"https:\/\/www.ernstbrunn-apotheke.at\/katalog\/wp-json\/wp\/v2\/product_cat?post=92765"},{"taxonomy":"product_tag","embeddable":true,"href":"https:\/\/www.ernstbrunn-apotheke.at\/katalog\/wp-json\/wp\/v2\/product_tag?post=92765"}],"curies":[{"name":"wp","href":"https:\/\/api.w.org\/{rel}","templated":true}]}}