{"id":92763,"date":"2025-11-12T09:11:48","date_gmt":"2025-11-12T08:11:48","guid":{"rendered":"https:\/\/www.ernstbrunn-apotheke.at\/katalog\/produkt\/revita-propolis-balsam\/"},"modified":"2025-12-08T20:31:42","modified_gmt":"2025-12-08T19:31:42","slug":"revita-propolis-balsam","status":"publish","type":"product","link":"https:\/\/www.ernstbrunn-apotheke.at\/katalog\/produkt\/revita-propolis-balsam\/","title":{"rendered":"Revita Propolis Balsam"},"content":{"rendered":"<p>Revita Propolis Balsam regeneriert die raue, schuppige, schrundige (Rhagaden), rissige und zu Entz\u00fcndungen neigende Haut auf wunderbare Weise. Bei regelm\u00e4\u00dfiger, t\u00e4glicher Anwendung wird das Immunsystem der Haut gest\u00e4rkt und das Gewebe stimuliert. Die Haut wird wieder geschmeidig und weich.<\/p>\n","protected":false},"excerpt":{"rendered":"<p>Revita Propolis Balsam regeneriert die raue, schuppige, schrundige (Rhagaden), rissige und zu Entz\u00fcndungen neigende Haut auf wunderbare Weise. Bei regelm\u00e4\u00dfiger, t\u00e4glicher Anwendung wird das Immunsystem der Haut gest\u00e4rkt und das Gewebe stimuliert. Die Haut wird wieder geschmeidig und weich.<\/p>\n","protected":false},"featured_media":0,"template":"","meta":{"_acf_changed":false},"product_brand":[1349],"product_cat":[808],"product_tag":[],"class_list":{"0":"post-92763","1":"product","2":"type-product","3":"status-publish","5":"product_brand-revita","6":"product_cat-r","7":"pa_packungsgroesse-50ml","9":"first","10":"instock","11":"shipping-taxable","12":"purchasable","13":"product-type-simple"},"acf":[],"_links":{"self":[{"href":"https:\/\/www.ernstbrunn-apotheke.at\/katalog\/wp-json\/wp\/v2\/product\/92763","targetHints":{"allow":["GET"]}}],"collection":[{"href":"https:\/\/www.ernstbrunn-apotheke.at\/katalog\/wp-json\/wp\/v2\/product"}],"about":[{"href":"https:\/\/www.ernstbrunn-apotheke.at\/katalog\/wp-json\/wp\/v2\/types\/product"}],"wp:attachment":[{"href":"https:\/\/www.ernstbrunn-apotheke.at\/katalog\/wp-json\/wp\/v2\/media?parent=92763"}],"wp:term":[{"taxonomy":"product_brand","embeddable":true,"href":"https:\/\/www.ernstbrunn-apotheke.at\/katalog\/wp-json\/wp\/v2\/product_brand?post=92763"},{"taxonomy":"product_cat","embeddable":true,"href":"https:\/\/www.ernstbrunn-apotheke.at\/katalog\/wp-json\/wp\/v2\/product_cat?post=92763"},{"taxonomy":"product_tag","embeddable":true,"href":"https:\/\/www.ernstbrunn-apotheke.at\/katalog\/wp-json\/wp\/v2\/product_tag?post=92763"}],"curies":[{"name":"wp","href":"https:\/\/api.w.org\/{rel}","templated":true}]}}