{"id":92753,"date":"2025-11-12T09:11:48","date_gmt":"2025-11-12T08:11:48","guid":{"rendered":"https:\/\/www.ernstbrunn-apotheke.at\/katalog\/produkt\/arlberger-oelschaumbad-latschenkiefer-250-ml\/"},"modified":"2025-12-08T20:31:41","modified_gmt":"2025-12-08T19:31:41","slug":"arlberger-oelschaumbad-latschenkiefer-250-ml","status":"publish","type":"product","link":"https:\/\/www.ernstbrunn-apotheke.at\/katalog\/produkt\/arlberger-oelschaumbad-latschenkiefer-250-ml\/","title":{"rendered":"Arlberger \u00d6lschaumbad Latschenkiefer 250 ml"},"content":{"rendered":"<p>Das Latschenkiefer\u00f6l ist ein wertvoller Naturstoff mit dem Geruch klarer w\u00fcrziger Bergluft. In der Wirkung und im Duft der Latschenkiefer sp\u00fcrt man die Kraft der Natur. Balance und Harmonie des \u00d6les beleben die Sinne.<\/p>\n<p>&#13;<\/p>\n<p>Hergestellt aus hautfreundlichen Inhaltsstoffen und \u00d6len, hat das \u00d6lschaumbad eine belebende Wirkung auf die Sinne und wirkt durchblutungsf\u00f6rdernd auf die Haut.<\/p>\n<p>&#13;<\/p>\n<p>\u00a0<\/p>\n<p>&#13;<\/p>\n<p><strong>Arlberger \u00d6lschaumbad Latschenkiefer f\u00fcr Ihr Wohlbefinden<\/strong><\/p>\n<p>&#13;<\/p>\n<p>Unsere \u00d6lschaumb\u00e4der sind seit Jahrzehnten ein fixer Bestandteil des Produktsortiments. Die ausgezeichnete Hautfreundlichkeit, der Geruch nach frischen Latschenkiefern und die wunderbar belebende Wirkung helfen das Wohlbefinden zu steigern. Zudem wirkt ein Bad mit\u00a0Latschenkiefer\u00a0kr\u00e4ftigend.<\/p>\n","protected":false},"excerpt":{"rendered":"<p>Das Latschenkiefer\u00f6l ist ein wertvoller Naturstoff mit dem Geruch klarer w\u00fcrziger Bergluft. In der Wirkung und im Duft der Latschenkiefer sp\u00fcrt man die Kraft der Natur. Balance und Harmonie des \u00d6les beleben die Sinne. &#13; Hergestellt aus hautfreundlichen Inhaltsstoffen und \u00d6len, hat das \u00d6lschaumbad eine belebende Wirkung auf die Sinne und wirkt durchblutungsf\u00f6rdernd auf die [&hellip;]<\/p>\n","protected":false},"featured_media":92755,"template":"","meta":{"_acf_changed":false},"product_brand":[],"product_cat":[801],"product_tag":[],"class_list":{"0":"post-92753","1":"product","2":"type-product","3":"status-publish","4":"has-post-thumbnail","6":"product_cat-a","7":"pa_geschmack-latschenkiefer","8":"pa_packungsgroesse-250ml","10":"first","11":"instock","12":"shipping-taxable","13":"purchasable","14":"product-type-simple"},"acf":[],"_links":{"self":[{"href":"https:\/\/www.ernstbrunn-apotheke.at\/katalog\/wp-json\/wp\/v2\/product\/92753","targetHints":{"allow":["GET"]}}],"collection":[{"href":"https:\/\/www.ernstbrunn-apotheke.at\/katalog\/wp-json\/wp\/v2\/product"}],"about":[{"href":"https:\/\/www.ernstbrunn-apotheke.at\/katalog\/wp-json\/wp\/v2\/types\/product"}],"wp:featuredmedia":[{"embeddable":true,"href":"https:\/\/www.ernstbrunn-apotheke.at\/katalog\/wp-json\/wp\/v2\/media\/92755"}],"wp:attachment":[{"href":"https:\/\/www.ernstbrunn-apotheke.at\/katalog\/wp-json\/wp\/v2\/media?parent=92753"}],"wp:term":[{"taxonomy":"product_brand","embeddable":true,"href":"https:\/\/www.ernstbrunn-apotheke.at\/katalog\/wp-json\/wp\/v2\/product_brand?post=92753"},{"taxonomy":"product_cat","embeddable":true,"href":"https:\/\/www.ernstbrunn-apotheke.at\/katalog\/wp-json\/wp\/v2\/product_cat?post=92753"},{"taxonomy":"product_tag","embeddable":true,"href":"https:\/\/www.ernstbrunn-apotheke.at\/katalog\/wp-json\/wp\/v2\/product_tag?post=92753"}],"curies":[{"name":"wp","href":"https:\/\/api.w.org\/{rel}","templated":true}]}}