{"id":92712,"date":"2025-11-12T09:10:54","date_gmt":"2025-11-12T08:10:54","guid":{"rendered":"https:\/\/www.ernstbrunn-apotheke.at\/katalog\/produkt\/helfe-fussbadesalz\/"},"modified":"2025-12-08T20:31:27","modified_gmt":"2025-12-08T19:31:27","slug":"helfe-fussbadesalz","status":"publish","type":"product","link":"https:\/\/www.ernstbrunn-apotheke.at\/katalog\/produkt\/helfe-fussbadesalz\/","title":{"rendered":"Helfe Fu\u00dfbadesalz"},"content":{"rendered":"<p>Ein Fu\u00dfbad mit dem HELFE Fu\u00dfbadesalz kr\u00e4ftigt m\u00fcde F\u00fc\u00dfe und wirkt besonders wohltuend nach einem Tag, an dem Sie viel auf den Beinen waren. Auch Beschwerden wie Frostbeulen oder kalte F\u00fc\u00dfe lassen sich mit dem Fu\u00dfbadesalz in k\u00f6rperwarmem Wasser lindern. Um Hornhaut oder H\u00fchneraugen aufzuweichen, empfiehlt sich ein st\u00e4rkeres Fu\u00dfbad mit hei\u00dfem Wasser.<\/p>\n<p>&#13;<\/p>\n<p><strong>Wirkung:<\/strong><\/p>\n<p>&#13;<\/p>\n<ul>&#13;<\/p>\n<li>Entschlackend<\/li>\n<p>&#13;<\/p>\n<li>Erfrischt m\u00fcde F\u00fc\u00dfe\u00a0<\/li>\n<p>&#13;\n<\/ul>\n","protected":false},"excerpt":{"rendered":"<p>Ein Fu\u00dfbad mit dem HELFE Fu\u00dfbadesalz kr\u00e4ftigt m\u00fcde F\u00fc\u00dfe und wirkt besonders wohltuend nach einem Tag, an dem Sie viel auf den Beinen waren. Auch Beschwerden wie Frostbeulen oder kalte F\u00fc\u00dfe lassen sich mit dem Fu\u00dfbadesalz in k\u00f6rperwarmem Wasser lindern. Um Hornhaut oder H\u00fchneraugen aufzuweichen, empfiehlt sich ein st\u00e4rkeres Fu\u00dfbad mit hei\u00dfem Wasser. &#13; Wirkung: [&hellip;]<\/p>\n","protected":false},"featured_media":0,"template":"","meta":{"_acf_changed":false},"product_brand":[655],"product_cat":[805],"product_tag":[],"class_list":{"0":"post-92712","1":"product","2":"type-product","3":"status-publish","5":"product_brand-helfe","6":"product_cat-h","7":"pa_packungsgroesse-250g","9":"first","10":"instock","11":"shipping-taxable","12":"purchasable","13":"product-type-simple"},"acf":[],"_links":{"self":[{"href":"https:\/\/www.ernstbrunn-apotheke.at\/katalog\/wp-json\/wp\/v2\/product\/92712","targetHints":{"allow":["GET"]}}],"collection":[{"href":"https:\/\/www.ernstbrunn-apotheke.at\/katalog\/wp-json\/wp\/v2\/product"}],"about":[{"href":"https:\/\/www.ernstbrunn-apotheke.at\/katalog\/wp-json\/wp\/v2\/types\/product"}],"wp:attachment":[{"href":"https:\/\/www.ernstbrunn-apotheke.at\/katalog\/wp-json\/wp\/v2\/media?parent=92712"}],"wp:term":[{"taxonomy":"product_brand","embeddable":true,"href":"https:\/\/www.ernstbrunn-apotheke.at\/katalog\/wp-json\/wp\/v2\/product_brand?post=92712"},{"taxonomy":"product_cat","embeddable":true,"href":"https:\/\/www.ernstbrunn-apotheke.at\/katalog\/wp-json\/wp\/v2\/product_cat?post=92712"},{"taxonomy":"product_tag","embeddable":true,"href":"https:\/\/www.ernstbrunn-apotheke.at\/katalog\/wp-json\/wp\/v2\/product_tag?post=92712"}],"curies":[{"name":"wp","href":"https:\/\/api.w.org\/{rel}","templated":true}]}}