{"id":92576,"date":"2025-11-12T09:07:48","date_gmt":"2025-11-12T08:07:48","guid":{"rendered":"https:\/\/www.ernstbrunn-apotheke.at\/katalog\/produkt\/biopecin-lotion-haarwasser-200-ml\/"},"modified":"2025-12-08T20:30:42","modified_gmt":"2025-12-08T19:30:42","slug":"biopecin-lotion-haarwasser-200-ml","status":"publish","type":"product","link":"https:\/\/www.ernstbrunn-apotheke.at\/katalog\/produkt\/biopecin-lotion-haarwasser-200-ml\/","title":{"rendered":"Biopecin Lotion Haarwasser 200 ml"},"content":{"rendered":"<p>Zur speziellen Kopfhautpflege, Vorbeugung von vermeidbarem Haarausfall und Schuppenbildung, zur F\u00f6rderung des gesunden Haarwuchses und Pflege von strapaziertem Haar. Original BIOPECIN regeneriert und steigert die Durchblutung der Kopfhaut  und des Haarbalgs. Reinigende und pflegende Substanzen sorgen f\u00fcr gesundes, gut aussehendes Haar und f\u00f6rdern die Zufuhr der f\u00fcr das Haar lebenswichtigen N\u00e4hr- und Aufbaustoffe zu den haarbildenden Follikel..<\/p>\n","protected":false},"excerpt":{"rendered":"<p>Zur speziellen Kopfhautpflege, Vorbeugung von vermeidbarem Haarausfall und Schuppenbildung, zur F\u00f6rderung des gesunden Haarwuchses und Pflege von strapaziertem Haar. Original BIOPECIN regeneriert und steigert die Durchblutung der Kopfhaut und des Haarbalgs. Reinigende und pflegende Substanzen sorgen f\u00fcr gesundes, gut aussehendes Haar und f\u00f6rdern die Zufuhr der f\u00fcr das Haar lebenswichtigen N\u00e4hr- und Aufbaustoffe zu den [&hellip;]<\/p>\n","protected":false},"featured_media":92578,"template":"","meta":{"_acf_changed":false},"product_brand":[],"product_cat":[802],"product_tag":[],"class_list":{"0":"post-92576","1":"product","2":"type-product","3":"status-publish","4":"has-post-thumbnail","6":"product_cat-b","7":"pa_packungsgroesse-150ml","9":"first","10":"instock","11":"shipping-taxable","12":"purchasable","13":"product-type-simple"},"acf":[],"_links":{"self":[{"href":"https:\/\/www.ernstbrunn-apotheke.at\/katalog\/wp-json\/wp\/v2\/product\/92576","targetHints":{"allow":["GET"]}}],"collection":[{"href":"https:\/\/www.ernstbrunn-apotheke.at\/katalog\/wp-json\/wp\/v2\/product"}],"about":[{"href":"https:\/\/www.ernstbrunn-apotheke.at\/katalog\/wp-json\/wp\/v2\/types\/product"}],"wp:featuredmedia":[{"embeddable":true,"href":"https:\/\/www.ernstbrunn-apotheke.at\/katalog\/wp-json\/wp\/v2\/media\/92578"}],"wp:attachment":[{"href":"https:\/\/www.ernstbrunn-apotheke.at\/katalog\/wp-json\/wp\/v2\/media?parent=92576"}],"wp:term":[{"taxonomy":"product_brand","embeddable":true,"href":"https:\/\/www.ernstbrunn-apotheke.at\/katalog\/wp-json\/wp\/v2\/product_brand?post=92576"},{"taxonomy":"product_cat","embeddable":true,"href":"https:\/\/www.ernstbrunn-apotheke.at\/katalog\/wp-json\/wp\/v2\/product_cat?post=92576"},{"taxonomy":"product_tag","embeddable":true,"href":"https:\/\/www.ernstbrunn-apotheke.at\/katalog\/wp-json\/wp\/v2\/product_tag?post=92576"}],"curies":[{"name":"wp","href":"https:\/\/api.w.org\/{rel}","templated":true}]}}