{"id":92520,"date":"2025-11-12T09:07:01","date_gmt":"2025-11-12T08:07:01","guid":{"rendered":"https:\/\/www.ernstbrunn-apotheke.at\/katalog\/produkt\/drapal-birken-saft-600-ml-3-x-200-ml\/"},"modified":"2025-12-08T20:30:29","modified_gmt":"2025-12-08T19:30:29","slug":"drapal-birken-saft-600-ml-3-x-200-ml","status":"publish","type":"product","link":"https:\/\/www.ernstbrunn-apotheke.at\/katalog\/produkt\/drapal-birken-saft-600-ml-3-x-200-ml\/","title":{"rendered":"Drapal Birken Saft 600 ml 3 x 200 ml"},"content":{"rendered":"<p>Drapal Birken Saft ist zu 100% wirksam und das ganz ohne Chemie. Nat\u00fcrlich ist der Saft auch ohne Konservierungsstoffe, ohne Zuckerzusatz und ohne Alkohol. Reine Natur zum Trinken. Dieses Produkt k\u00f6nnen Sie in den Packungsgr\u00f6\u00dfen 200 ml und 600 ml bestellen!<\/p>\n","protected":false},"excerpt":{"rendered":"<p>Drapal Birken Saft ist zu 100% wirksam und das ganz ohne Chemie. Nat\u00fcrlich ist der Saft auch ohne Konservierungsstoffe, ohne Zuckerzusatz und ohne Alkohol. Reine Natur zum Trinken. Dieses Produkt k\u00f6nnen Sie in den Packungsgr\u00f6\u00dfen 200 ml und 600 ml bestellen!<\/p>\n","protected":false},"featured_media":92522,"template":"","meta":{"_acf_changed":false},"product_brand":[],"product_cat":[792],"product_tag":[],"class_list":{"0":"post-92520","1":"product","2":"type-product","3":"status-publish","4":"has-post-thumbnail","6":"product_cat-d","7":"pa_farbe-braun","8":"pa_geschmack-birkenblaetter","9":"pa_packungsgroesse-600ml","11":"first","12":"instock","13":"shipping-taxable","14":"purchasable","15":"product-type-simple"},"acf":[],"_links":{"self":[{"href":"https:\/\/www.ernstbrunn-apotheke.at\/katalog\/wp-json\/wp\/v2\/product\/92520","targetHints":{"allow":["GET"]}}],"collection":[{"href":"https:\/\/www.ernstbrunn-apotheke.at\/katalog\/wp-json\/wp\/v2\/product"}],"about":[{"href":"https:\/\/www.ernstbrunn-apotheke.at\/katalog\/wp-json\/wp\/v2\/types\/product"}],"wp:featuredmedia":[{"embeddable":true,"href":"https:\/\/www.ernstbrunn-apotheke.at\/katalog\/wp-json\/wp\/v2\/media\/92522"}],"wp:attachment":[{"href":"https:\/\/www.ernstbrunn-apotheke.at\/katalog\/wp-json\/wp\/v2\/media?parent=92520"}],"wp:term":[{"taxonomy":"product_brand","embeddable":true,"href":"https:\/\/www.ernstbrunn-apotheke.at\/katalog\/wp-json\/wp\/v2\/product_brand?post=92520"},{"taxonomy":"product_cat","embeddable":true,"href":"https:\/\/www.ernstbrunn-apotheke.at\/katalog\/wp-json\/wp\/v2\/product_cat?post=92520"},{"taxonomy":"product_tag","embeddable":true,"href":"https:\/\/www.ernstbrunn-apotheke.at\/katalog\/wp-json\/wp\/v2\/product_tag?post=92520"}],"curies":[{"name":"wp","href":"https:\/\/api.w.org\/{rel}","templated":true}]}}