{"id":92414,"date":"2025-11-12T09:04:37","date_gmt":"2025-11-12T08:04:37","guid":{"rendered":"https:\/\/www.ernstbrunn-apotheke.at\/katalog\/produkt\/spitzwegerich-sirup\/"},"modified":"2025-12-08T20:29:55","modified_gmt":"2025-12-08T19:29:55","slug":"spitzwegerich-sirup","status":"publish","type":"product","link":"https:\/\/www.ernstbrunn-apotheke.at\/katalog\/produkt\/spitzwegerich-sirup\/","title":{"rendered":"Spitzwegerich Sirup"},"content":{"rendered":"<p>Gall-Pharma Spitzwegerichsirup wird nach den Vorschriften des \u00d6sterreichischen Arzneibuches hergestellt und entspricht daher h\u00f6chsten Anforderungen.In der Volksheilkunde ist bekannt und auch in alten Kr\u00e4uterb\u00fcchern steht zu lesen, da\u00df Spitzwegerich als Sirup eine g\u00fcnstige Wirkung bei Erkrankungen der Atmungsorgane und der oberen Luftwege haben soll.\u00dcblicherweise nehmen Erwachsene 1 E\u00dfl\u00f6ffel, Kinder 1 Kaffeel\u00f6ffel voll mehrmals am Tag. W\u00e4hrend dieser Zeit sollte man kalte Getr\u00e4nke meiden..<\/p>\n","protected":false},"excerpt":{"rendered":"<p>Gall-Pharma Spitzwegerichsirup wird nach den Vorschriften des \u00d6sterreichischen Arzneibuches hergestellt und entspricht daher h\u00f6chsten Anforderungen.In der Volksheilkunde ist bekannt und auch in alten Kr\u00e4uterb\u00fcchern steht zu lesen, da\u00df Spitzwegerich als Sirup eine g\u00fcnstige Wirkung bei Erkrankungen der Atmungsorgane und der oberen Luftwege haben soll.\u00dcblicherweise nehmen Erwachsene 1 E\u00dfl\u00f6ffel, Kinder 1 Kaffeel\u00f6ffel voll mehrmals am Tag. [&hellip;]<\/p>\n","protected":false},"featured_media":92416,"template":"","meta":{"_acf_changed":false},"product_brand":[371],"product_cat":[791],"product_tag":[],"class_list":{"0":"post-92414","1":"product","2":"type-product","3":"status-publish","4":"has-post-thumbnail","6":"product_brand-gall-pharma","7":"product_cat-s","8":"pa_packungsgroesse-200ml","10":"first","11":"instock","12":"shipping-taxable","13":"purchasable","14":"product-type-simple"},"acf":[],"_links":{"self":[{"href":"https:\/\/www.ernstbrunn-apotheke.at\/katalog\/wp-json\/wp\/v2\/product\/92414","targetHints":{"allow":["GET"]}}],"collection":[{"href":"https:\/\/www.ernstbrunn-apotheke.at\/katalog\/wp-json\/wp\/v2\/product"}],"about":[{"href":"https:\/\/www.ernstbrunn-apotheke.at\/katalog\/wp-json\/wp\/v2\/types\/product"}],"wp:featuredmedia":[{"embeddable":true,"href":"https:\/\/www.ernstbrunn-apotheke.at\/katalog\/wp-json\/wp\/v2\/media\/92416"}],"wp:attachment":[{"href":"https:\/\/www.ernstbrunn-apotheke.at\/katalog\/wp-json\/wp\/v2\/media?parent=92414"}],"wp:term":[{"taxonomy":"product_brand","embeddable":true,"href":"https:\/\/www.ernstbrunn-apotheke.at\/katalog\/wp-json\/wp\/v2\/product_brand?post=92414"},{"taxonomy":"product_cat","embeddable":true,"href":"https:\/\/www.ernstbrunn-apotheke.at\/katalog\/wp-json\/wp\/v2\/product_cat?post=92414"},{"taxonomy":"product_tag","embeddable":true,"href":"https:\/\/www.ernstbrunn-apotheke.at\/katalog\/wp-json\/wp\/v2\/product_tag?post=92414"}],"curies":[{"name":"wp","href":"https:\/\/api.w.org\/{rel}","templated":true}]}}