{"id":92391,"date":"2025-11-12T09:04:08","date_gmt":"2025-11-12T08:04:08","guid":{"rendered":"https:\/\/www.ernstbrunn-apotheke.at\/katalog\/produkt\/sulfoderm-s-teint-syndetseife\/"},"modified":"2025-12-08T20:29:48","modified_gmt":"2025-12-08T19:29:48","slug":"sulfoderm-s-teint-syndetseife","status":"publish","type":"product","link":"https:\/\/www.ernstbrunn-apotheke.at\/katalog\/produkt\/sulfoderm-s-teint-syndetseife\/","title":{"rendered":"Sulfoderm S Teint Syndetseife"},"content":{"rendered":"<p>Seife Sulfoderm-S Teint Syndet wirkt gegen fettige und unreine Haut. Das milde und antibakterielle Waschst\u00fcck ist bestens zur t\u00e4glichen Reinigung von Gesicht und K\u00f6rper geeignet.<\/p>\n","protected":false},"excerpt":{"rendered":"<p>Seife Sulfoderm-S Teint Syndet wirkt gegen fettige und unreine Haut. Das milde und antibakterielle Waschst\u00fcck ist bestens zur t\u00e4glichen Reinigung von Gesicht und K\u00f6rper geeignet.<\/p>\n","protected":false},"featured_media":92393,"template":"","meta":{"_acf_changed":false},"product_brand":[],"product_cat":[791],"product_tag":[],"class_list":{"0":"post-92391","1":"product","2":"type-product","3":"status-publish","4":"has-post-thumbnail","6":"product_cat-s","7":"pa_packungsgroesse-100g","9":"first","10":"instock","11":"shipping-taxable","12":"purchasable","13":"product-type-simple"},"acf":[],"_links":{"self":[{"href":"https:\/\/www.ernstbrunn-apotheke.at\/katalog\/wp-json\/wp\/v2\/product\/92391","targetHints":{"allow":["GET"]}}],"collection":[{"href":"https:\/\/www.ernstbrunn-apotheke.at\/katalog\/wp-json\/wp\/v2\/product"}],"about":[{"href":"https:\/\/www.ernstbrunn-apotheke.at\/katalog\/wp-json\/wp\/v2\/types\/product"}],"wp:featuredmedia":[{"embeddable":true,"href":"https:\/\/www.ernstbrunn-apotheke.at\/katalog\/wp-json\/wp\/v2\/media\/92393"}],"wp:attachment":[{"href":"https:\/\/www.ernstbrunn-apotheke.at\/katalog\/wp-json\/wp\/v2\/media?parent=92391"}],"wp:term":[{"taxonomy":"product_brand","embeddable":true,"href":"https:\/\/www.ernstbrunn-apotheke.at\/katalog\/wp-json\/wp\/v2\/product_brand?post=92391"},{"taxonomy":"product_cat","embeddable":true,"href":"https:\/\/www.ernstbrunn-apotheke.at\/katalog\/wp-json\/wp\/v2\/product_cat?post=92391"},{"taxonomy":"product_tag","embeddable":true,"href":"https:\/\/www.ernstbrunn-apotheke.at\/katalog\/wp-json\/wp\/v2\/product_tag?post=92391"}],"curies":[{"name":"wp","href":"https:\/\/api.w.org\/{rel}","templated":true}]}}