{"id":92386,"date":"2025-11-12T09:04:08","date_gmt":"2025-11-12T08:04:08","guid":{"rendered":"https:\/\/www.ernstbrunn-apotheke.at\/katalog\/produkt\/drapal-weissdorn-saft-600-ml-3-x-200-bio\/"},"modified":"2025-12-08T20:29:47","modified_gmt":"2025-12-08T19:29:47","slug":"drapal-weissdorn-saft-600-ml-3-x-200-bio","status":"publish","type":"product","link":"https:\/\/www.ernstbrunn-apotheke.at\/katalog\/produkt\/drapal-weissdorn-saft-600-ml-3-x-200-bio\/","title":{"rendered":"Drapal Wei\u00dfdorn Saft 600 ml 3 x 200 BIO"},"content":{"rendered":"<p>Drapal Wei\u00dfdorn Saft ist zu 100% wirksam und das ganz ohne Chemie. Nat\u00fcrlich ist der Saft auch ohne Konservierungsstoffe, ohne Zuckerzusatz und ohne Alkohol. Reine Natur zum Trinken. Dieses Produkt erhalten Sie in den Packungsgr\u00f6\u00dfen 200 ml und 600 ml.<\/p>\n","protected":false},"excerpt":{"rendered":"<p>Drapal Wei\u00dfdorn Saft ist zu 100% wirksam und das ganz ohne Chemie. Nat\u00fcrlich ist der Saft auch ohne Konservierungsstoffe, ohne Zuckerzusatz und ohne Alkohol. Reine Natur zum Trinken. Dieses Produkt erhalten Sie in den Packungsgr\u00f6\u00dfen 200 ml und 600 ml.<\/p>\n","protected":false},"featured_media":92388,"template":"","meta":{"_acf_changed":false},"product_brand":[],"product_cat":[792],"product_tag":[],"class_list":{"0":"post-92386","1":"product","2":"type-product","3":"status-publish","4":"has-post-thumbnail","6":"product_cat-d","7":"pa_farbe-braun","8":"pa_geschmack-weissdorn","9":"pa_packungsgroesse-600ml","11":"first","12":"instock","13":"shipping-taxable","14":"purchasable","15":"product-type-simple"},"acf":[],"_links":{"self":[{"href":"https:\/\/www.ernstbrunn-apotheke.at\/katalog\/wp-json\/wp\/v2\/product\/92386","targetHints":{"allow":["GET"]}}],"collection":[{"href":"https:\/\/www.ernstbrunn-apotheke.at\/katalog\/wp-json\/wp\/v2\/product"}],"about":[{"href":"https:\/\/www.ernstbrunn-apotheke.at\/katalog\/wp-json\/wp\/v2\/types\/product"}],"wp:featuredmedia":[{"embeddable":true,"href":"https:\/\/www.ernstbrunn-apotheke.at\/katalog\/wp-json\/wp\/v2\/media\/92388"}],"wp:attachment":[{"href":"https:\/\/www.ernstbrunn-apotheke.at\/katalog\/wp-json\/wp\/v2\/media?parent=92386"}],"wp:term":[{"taxonomy":"product_brand","embeddable":true,"href":"https:\/\/www.ernstbrunn-apotheke.at\/katalog\/wp-json\/wp\/v2\/product_brand?post=92386"},{"taxonomy":"product_cat","embeddable":true,"href":"https:\/\/www.ernstbrunn-apotheke.at\/katalog\/wp-json\/wp\/v2\/product_cat?post=92386"},{"taxonomy":"product_tag","embeddable":true,"href":"https:\/\/www.ernstbrunn-apotheke.at\/katalog\/wp-json\/wp\/v2\/product_tag?post=92386"}],"curies":[{"name":"wp","href":"https:\/\/api.w.org\/{rel}","templated":true}]}}