{"id":92346,"date":"2025-11-12T09:02:42","date_gmt":"2025-11-12T08:02:42","guid":{"rendered":"https:\/\/www.ernstbrunn-apotheke.at\/katalog\/produkt\/weizenkeim-oel-grandel-2\/"},"modified":"2025-12-08T20:29:37","modified_gmt":"2025-12-08T19:29:37","slug":"weizenkeim-oel-grandel-2","status":"publish","type":"product","link":"https:\/\/www.ernstbrunn-apotheke.at\/katalog\/produkt\/weizenkeim-oel-grandel-2\/","title":{"rendered":"Weizenkeim \u00d6l Grandel"},"content":{"rendered":"<p>Weizenkeim \u00d6l Grandel  ist ein schonend gewonnenes, gereinigtes und teilents\u00e4uertes Weizenkeim\u00f6l aus frischen Weizenkeimen mit mildem Getreidearoma.Es  ist durch ein wertschonendes Verfahren veredelt. Durch Teilents\u00e4uerung wird der Gehalt an freien Fetts\u00e4uren soweit abgesenkt, dass das \u00d6l mild nussartig schmeckt. Erh\u00e4ltlich in den Varianten 100ml und 250ml.<\/p>\n","protected":false},"excerpt":{"rendered":"<p>Weizenkeim \u00d6l Grandel ist ein schonend gewonnenes, gereinigtes und teilents\u00e4uertes Weizenkeim\u00f6l aus frischen Weizenkeimen mit mildem Getreidearoma.Es ist durch ein wertschonendes Verfahren veredelt. Durch Teilents\u00e4uerung wird der Gehalt an freien Fetts\u00e4uren soweit abgesenkt, dass das \u00d6l mild nussartig schmeckt. Erh\u00e4ltlich in den Varianten 100ml und 250ml.<\/p>\n","protected":false},"featured_media":92348,"template":"","meta":{"_acf_changed":false},"product_brand":[607],"product_cat":[796],"product_tag":[],"class_list":{"0":"post-92346","1":"product","2":"type-product","3":"status-publish","4":"has-post-thumbnail","6":"product_brand-dr-grandel","7":"product_cat-w","8":"pa_packungsgroesse-250ml","10":"first","11":"instock","12":"shipping-taxable","13":"purchasable","14":"product-type-simple"},"acf":[],"_links":{"self":[{"href":"https:\/\/www.ernstbrunn-apotheke.at\/katalog\/wp-json\/wp\/v2\/product\/92346","targetHints":{"allow":["GET"]}}],"collection":[{"href":"https:\/\/www.ernstbrunn-apotheke.at\/katalog\/wp-json\/wp\/v2\/product"}],"about":[{"href":"https:\/\/www.ernstbrunn-apotheke.at\/katalog\/wp-json\/wp\/v2\/types\/product"}],"wp:featuredmedia":[{"embeddable":true,"href":"https:\/\/www.ernstbrunn-apotheke.at\/katalog\/wp-json\/wp\/v2\/media\/92348"}],"wp:attachment":[{"href":"https:\/\/www.ernstbrunn-apotheke.at\/katalog\/wp-json\/wp\/v2\/media?parent=92346"}],"wp:term":[{"taxonomy":"product_brand","embeddable":true,"href":"https:\/\/www.ernstbrunn-apotheke.at\/katalog\/wp-json\/wp\/v2\/product_brand?post=92346"},{"taxonomy":"product_cat","embeddable":true,"href":"https:\/\/www.ernstbrunn-apotheke.at\/katalog\/wp-json\/wp\/v2\/product_cat?post=92346"},{"taxonomy":"product_tag","embeddable":true,"href":"https:\/\/www.ernstbrunn-apotheke.at\/katalog\/wp-json\/wp\/v2\/product_tag?post=92346"}],"curies":[{"name":"wp","href":"https:\/\/api.w.org\/{rel}","templated":true}]}}