{"id":92326,"date":"2025-11-12T09:02:42","date_gmt":"2025-11-12T08:02:42","guid":{"rendered":"https:\/\/www.ernstbrunn-apotheke.at\/katalog\/produkt\/mikrozid-af-liquid-1000-ml\/"},"modified":"2025-12-08T20:29:33","modified_gmt":"2025-12-08T19:29:33","slug":"mikrozid-af-liquid-1000-ml","status":"publish","type":"product","link":"https:\/\/www.ernstbrunn-apotheke.at\/katalog\/produkt\/mikrozid-af-liquid-1000-ml\/","title":{"rendered":"mikrozid AF liquid 1000 ml"},"content":{"rendered":"<p>mikrozid AF liquid eignet sich f\u00fcr die alkoholische Schnelldesinfektion f\u00fcr Medizinprodukte in allen Bereichen und Fl\u00e4chen aller Art mit erh\u00f6htem Infektionsrisiko und dem Erfordernis kurzer Einwirkzeiten.<\/p>\n","protected":false},"excerpt":{"rendered":"<p>mikrozid AF liquid eignet sich f\u00fcr die alkoholische Schnelldesinfektion f\u00fcr Medizinprodukte in allen Bereichen und Fl\u00e4chen aller Art mit erh\u00f6htem Infektionsrisiko und dem Erfordernis kurzer Einwirkzeiten.<\/p>\n","protected":false},"featured_media":92328,"template":"","meta":{"_acf_changed":false},"product_brand":[],"product_cat":[800],"product_tag":[],"class_list":{"0":"post-92326","1":"product","2":"type-product","3":"status-publish","4":"has-post-thumbnail","6":"product_cat-m","7":"pa_packungsgroesse-1l","9":"first","10":"instock","11":"shipping-taxable","12":"purchasable","13":"product-type-simple"},"acf":[],"_links":{"self":[{"href":"https:\/\/www.ernstbrunn-apotheke.at\/katalog\/wp-json\/wp\/v2\/product\/92326","targetHints":{"allow":["GET"]}}],"collection":[{"href":"https:\/\/www.ernstbrunn-apotheke.at\/katalog\/wp-json\/wp\/v2\/product"}],"about":[{"href":"https:\/\/www.ernstbrunn-apotheke.at\/katalog\/wp-json\/wp\/v2\/types\/product"}],"wp:featuredmedia":[{"embeddable":true,"href":"https:\/\/www.ernstbrunn-apotheke.at\/katalog\/wp-json\/wp\/v2\/media\/92328"}],"wp:attachment":[{"href":"https:\/\/www.ernstbrunn-apotheke.at\/katalog\/wp-json\/wp\/v2\/media?parent=92326"}],"wp:term":[{"taxonomy":"product_brand","embeddable":true,"href":"https:\/\/www.ernstbrunn-apotheke.at\/katalog\/wp-json\/wp\/v2\/product_brand?post=92326"},{"taxonomy":"product_cat","embeddable":true,"href":"https:\/\/www.ernstbrunn-apotheke.at\/katalog\/wp-json\/wp\/v2\/product_cat?post=92326"},{"taxonomy":"product_tag","embeddable":true,"href":"https:\/\/www.ernstbrunn-apotheke.at\/katalog\/wp-json\/wp\/v2\/product_tag?post=92326"}],"curies":[{"name":"wp","href":"https:\/\/api.w.org\/{rel}","templated":true}]}}