{"id":92188,"date":"2025-11-12T08:59:29","date_gmt":"2025-11-12T07:59:29","guid":{"rendered":"https:\/\/www.ernstbrunn-apotheke.at\/katalog\/produkt\/cevitol-kautabletten-500-mg\/"},"modified":"2025-12-08T20:28:56","modified_gmt":"2025-12-08T19:28:56","slug":"cevitol-kautabletten-500-mg","status":"publish","type":"product","link":"https:\/\/www.ernstbrunn-apotheke.at\/katalog\/produkt\/cevitol-kautabletten-500-mg\/","title":{"rendered":"Cevitol Kautabletten 500 mg"},"content":{"rendered":"<p>Cevitol 500 mg-Kautabletten enthalten reines Vitamin C (Ascorbins\u00e4ure). Vitamin C beeinflu\u00dft eine Vielzahl von Stoffwechselvorg\u00e4ngen und ist besonders f\u00fcr die Abwehr von Infektionskrankheiten von Bedeutung<\/p>\n","protected":false},"excerpt":{"rendered":"<p>Cevitol 500 mg-Kautabletten enthalten reines Vitamin C (Ascorbins\u00e4ure). Vitamin C beeinflu\u00dft eine Vielzahl von Stoffwechselvorg\u00e4ngen und ist besonders f\u00fcr die Abwehr von Infektionskrankheiten von Bedeutung<\/p>\n","protected":false},"featured_media":6343,"template":"","meta":{"_acf_changed":false},"product_brand":[],"product_cat":[812],"product_tag":[],"class_list":{"0":"post-92188","1":"product","2":"type-product","3":"status-publish","4":"has-post-thumbnail","6":"product_cat-c","7":"pa_packungsgroesse-30-stueck","9":"first","10":"instock","11":"shipping-taxable","12":"purchasable","13":"product-type-simple"},"acf":[],"_links":{"self":[{"href":"https:\/\/www.ernstbrunn-apotheke.at\/katalog\/wp-json\/wp\/v2\/product\/92188","targetHints":{"allow":["GET"]}}],"collection":[{"href":"https:\/\/www.ernstbrunn-apotheke.at\/katalog\/wp-json\/wp\/v2\/product"}],"about":[{"href":"https:\/\/www.ernstbrunn-apotheke.at\/katalog\/wp-json\/wp\/v2\/types\/product"}],"wp:featuredmedia":[{"embeddable":true,"href":"https:\/\/www.ernstbrunn-apotheke.at\/katalog\/wp-json\/wp\/v2\/media\/6343"}],"wp:attachment":[{"href":"https:\/\/www.ernstbrunn-apotheke.at\/katalog\/wp-json\/wp\/v2\/media?parent=92188"}],"wp:term":[{"taxonomy":"product_brand","embeddable":true,"href":"https:\/\/www.ernstbrunn-apotheke.at\/katalog\/wp-json\/wp\/v2\/product_brand?post=92188"},{"taxonomy":"product_cat","embeddable":true,"href":"https:\/\/www.ernstbrunn-apotheke.at\/katalog\/wp-json\/wp\/v2\/product_cat?post=92188"},{"taxonomy":"product_tag","embeddable":true,"href":"https:\/\/www.ernstbrunn-apotheke.at\/katalog\/wp-json\/wp\/v2\/product_tag?post=92188"}],"curies":[{"name":"wp","href":"https:\/\/api.w.org\/{rel}","templated":true}]}}