{"id":92168,"date":"2025-11-12T08:59:06","date_gmt":"2025-11-12T07:59:06","guid":{"rendered":"https:\/\/www.ernstbrunn-apotheke.at\/katalog\/produkt\/multicarotin-kapseln\/"},"modified":"2025-12-08T20:28:49","modified_gmt":"2025-12-08T19:28:49","slug":"multicarotin-kapseln","status":"publish","type":"product","link":"https:\/\/www.ernstbrunn-apotheke.at\/katalog\/produkt\/multicarotin-kapseln\/","title":{"rendered":"Multicarotin Kapseln"},"content":{"rendered":"<p>MultiCarotin Kapseln enthalten eine spezielle Kombination von Haut-Vitalstoffen, die die Haut vor den sch\u00e4dlichen Einfl\u00fcssen der Sonnenstrahlen sch\u00fctzen k\u00f6nnen und gleichzeitig die nat\u00fcrliche Br\u00e4une von Innen unterst\u00fctzen \u2013 innerliche Gesundheit kann man auf der Haut zeigen!<\/p>\n","protected":false},"excerpt":{"rendered":"<p>MultiCarotin Kapseln enthalten eine spezielle Kombination von Haut-Vitalstoffen, die die Haut vor den sch\u00e4dlichen Einfl\u00fcssen der Sonnenstrahlen sch\u00fctzen k\u00f6nnen und gleichzeitig die nat\u00fcrliche Br\u00e4une von Innen unterst\u00fctzen \u2013 innerliche Gesundheit kann man auf der Haut zeigen!<\/p>\n","protected":false},"featured_media":92170,"template":"","meta":{"_acf_changed":false},"product_brand":[],"product_cat":[800],"product_tag":[],"class_list":{"0":"post-92168","1":"product","2":"type-product","3":"status-publish","4":"has-post-thumbnail","6":"product_cat-m","7":"pa_packungsgroesse-60-stueck","9":"first","10":"instock","11":"shipping-taxable","12":"purchasable","13":"product-type-simple"},"acf":[],"_links":{"self":[{"href":"https:\/\/www.ernstbrunn-apotheke.at\/katalog\/wp-json\/wp\/v2\/product\/92168","targetHints":{"allow":["GET"]}}],"collection":[{"href":"https:\/\/www.ernstbrunn-apotheke.at\/katalog\/wp-json\/wp\/v2\/product"}],"about":[{"href":"https:\/\/www.ernstbrunn-apotheke.at\/katalog\/wp-json\/wp\/v2\/types\/product"}],"wp:featuredmedia":[{"embeddable":true,"href":"https:\/\/www.ernstbrunn-apotheke.at\/katalog\/wp-json\/wp\/v2\/media\/92170"}],"wp:attachment":[{"href":"https:\/\/www.ernstbrunn-apotheke.at\/katalog\/wp-json\/wp\/v2\/media?parent=92168"}],"wp:term":[{"taxonomy":"product_brand","embeddable":true,"href":"https:\/\/www.ernstbrunn-apotheke.at\/katalog\/wp-json\/wp\/v2\/product_brand?post=92168"},{"taxonomy":"product_cat","embeddable":true,"href":"https:\/\/www.ernstbrunn-apotheke.at\/katalog\/wp-json\/wp\/v2\/product_cat?post=92168"},{"taxonomy":"product_tag","embeddable":true,"href":"https:\/\/www.ernstbrunn-apotheke.at\/katalog\/wp-json\/wp\/v2\/product_tag?post=92168"}],"curies":[{"name":"wp","href":"https:\/\/api.w.org\/{rel}","templated":true}]}}