{"id":92149,"date":"2025-11-12T08:58:45","date_gmt":"2025-11-12T07:58:45","guid":{"rendered":"https:\/\/www.ernstbrunn-apotheke.at\/katalog\/produkt\/weleda-pflanzenseife-calendula\/"},"modified":"2025-12-08T20:28:42","modified_gmt":"2025-12-08T19:28:42","slug":"weleda-pflanzenseife-calendula","status":"publish","type":"product","link":"https:\/\/www.ernstbrunn-apotheke.at\/katalog\/produkt\/weleda-pflanzenseife-calendula\/","title":{"rendered":"Weleda Pflanzenseife Calendula"},"content":{"rendered":"<p>Weleda Pflanzenseife Calendula reinigt, pflegt und belebt die Haut. Die Seife eignet sich besonders gut f\u00fcr zarte und empfindliche Babyhaut und gibt einen cremig zarten Schaum. Aufmunterndes Rosmarin\u00f6l und weitere nat\u00fcrliche \u00e4therische \u00d6le entfalten einen erfrischend aromatischen Duft<\/p>\n","protected":false},"excerpt":{"rendered":"<p>Weleda Pflanzenseife Calendula reinigt, pflegt und belebt die Haut. Die Seife eignet sich besonders gut f\u00fcr zarte und empfindliche Babyhaut und gibt einen cremig zarten Schaum. Aufmunterndes Rosmarin\u00f6l und weitere nat\u00fcrliche \u00e4therische \u00d6le entfalten einen erfrischend aromatischen Duft<\/p>\n","protected":false},"featured_media":92151,"template":"","meta":{"_acf_changed":false},"product_brand":[567],"product_cat":[796],"product_tag":[],"class_list":{"0":"post-92149","1":"product","2":"type-product","3":"status-publish","4":"has-post-thumbnail","6":"product_brand-weleda","7":"product_cat-w","8":"pa_packungsgroesse-100g","10":"first","11":"instock","12":"shipping-taxable","13":"purchasable","14":"product-type-simple"},"acf":[],"_links":{"self":[{"href":"https:\/\/www.ernstbrunn-apotheke.at\/katalog\/wp-json\/wp\/v2\/product\/92149","targetHints":{"allow":["GET"]}}],"collection":[{"href":"https:\/\/www.ernstbrunn-apotheke.at\/katalog\/wp-json\/wp\/v2\/product"}],"about":[{"href":"https:\/\/www.ernstbrunn-apotheke.at\/katalog\/wp-json\/wp\/v2\/types\/product"}],"wp:featuredmedia":[{"embeddable":true,"href":"https:\/\/www.ernstbrunn-apotheke.at\/katalog\/wp-json\/wp\/v2\/media\/92151"}],"wp:attachment":[{"href":"https:\/\/www.ernstbrunn-apotheke.at\/katalog\/wp-json\/wp\/v2\/media?parent=92149"}],"wp:term":[{"taxonomy":"product_brand","embeddable":true,"href":"https:\/\/www.ernstbrunn-apotheke.at\/katalog\/wp-json\/wp\/v2\/product_brand?post=92149"},{"taxonomy":"product_cat","embeddable":true,"href":"https:\/\/www.ernstbrunn-apotheke.at\/katalog\/wp-json\/wp\/v2\/product_cat?post=92149"},{"taxonomy":"product_tag","embeddable":true,"href":"https:\/\/www.ernstbrunn-apotheke.at\/katalog\/wp-json\/wp\/v2\/product_tag?post=92149"}],"curies":[{"name":"wp","href":"https:\/\/api.w.org\/{rel}","templated":true}]}}