{"id":92134,"date":"2025-11-12T08:58:22","date_gmt":"2025-11-12T07:58:22","guid":{"rendered":"https:\/\/www.ernstbrunn-apotheke.at\/katalog\/produkt\/weizenkeim-oel-kapseln-plus-100-stk\/"},"modified":"2025-12-08T20:28:37","modified_gmt":"2025-12-08T19:28:37","slug":"weizenkeim-oel-kapseln-plus-100-stk","status":"publish","type":"product","link":"https:\/\/www.ernstbrunn-apotheke.at\/katalog\/produkt\/weizenkeim-oel-kapseln-plus-100-stk\/","title":{"rendered":"Weizenkeim \u00d6l Kapseln Plus 100 Stk."},"content":{"rendered":"<p>Weizenkeim \u00d6l Kapseln Plus sind eine praktische Alternative f\u00fcr alle, die Weizenkeim\u00f6l nicht pur einnehmen k\u00f6nnen oder wollen.Weizenkeim\u00f6l plus Kapseln bieten den 20fach angereicherten Vitamin-E-Gehalt normalen Weizenkeim\u00f6les.Vitamin E wirkt im menschlichen Organismus als Schutzfaktor. Es tr\u00e4gt zum Schutz der Zellbestandteile vor oxidativen Sch\u00e4den bei und unterst\u00fctzt damit die Abwehr von Umweltschadstoffen.<\/p>\n","protected":false},"excerpt":{"rendered":"<p>Weizenkeim \u00d6l Kapseln Plus sind eine praktische Alternative f\u00fcr alle, die Weizenkeim\u00f6l nicht pur einnehmen k\u00f6nnen oder wollen.Weizenkeim\u00f6l plus Kapseln bieten den 20fach angereicherten Vitamin-E-Gehalt normalen Weizenkeim\u00f6les.Vitamin E wirkt im menschlichen Organismus als Schutzfaktor. Es tr\u00e4gt zum Schutz der Zellbestandteile vor oxidativen Sch\u00e4den bei und unterst\u00fctzt damit die Abwehr von Umweltschadstoffen.<\/p>\n","protected":false},"featured_media":92136,"template":"","meta":{"_acf_changed":false},"product_brand":[],"product_cat":[796],"product_tag":[],"class_list":{"0":"post-92134","1":"product","2":"type-product","3":"status-publish","4":"has-post-thumbnail","6":"product_cat-w","7":"pa_packungsgroesse-100-stueck","9":"first","10":"instock","11":"shipping-taxable","12":"purchasable","13":"product-type-simple"},"acf":[],"_links":{"self":[{"href":"https:\/\/www.ernstbrunn-apotheke.at\/katalog\/wp-json\/wp\/v2\/product\/92134","targetHints":{"allow":["GET"]}}],"collection":[{"href":"https:\/\/www.ernstbrunn-apotheke.at\/katalog\/wp-json\/wp\/v2\/product"}],"about":[{"href":"https:\/\/www.ernstbrunn-apotheke.at\/katalog\/wp-json\/wp\/v2\/types\/product"}],"wp:featuredmedia":[{"embeddable":true,"href":"https:\/\/www.ernstbrunn-apotheke.at\/katalog\/wp-json\/wp\/v2\/media\/92136"}],"wp:attachment":[{"href":"https:\/\/www.ernstbrunn-apotheke.at\/katalog\/wp-json\/wp\/v2\/media?parent=92134"}],"wp:term":[{"taxonomy":"product_brand","embeddable":true,"href":"https:\/\/www.ernstbrunn-apotheke.at\/katalog\/wp-json\/wp\/v2\/product_brand?post=92134"},{"taxonomy":"product_cat","embeddable":true,"href":"https:\/\/www.ernstbrunn-apotheke.at\/katalog\/wp-json\/wp\/v2\/product_cat?post=92134"},{"taxonomy":"product_tag","embeddable":true,"href":"https:\/\/www.ernstbrunn-apotheke.at\/katalog\/wp-json\/wp\/v2\/product_tag?post=92134"}],"curies":[{"name":"wp","href":"https:\/\/api.w.org\/{rel}","templated":true}]}}