{"id":92099,"date":"2025-11-12T08:57:36","date_gmt":"2025-11-12T07:57:36","guid":{"rendered":"https:\/\/www.ernstbrunn-apotheke.at\/katalog\/produkt\/bano-franzbranntwein-murmelin-tirol\/"},"modified":"2025-12-08T20:34:14","modified_gmt":"2025-12-08T19:34:14","slug":"bano-franzbranntwein-murmelin-tirol","status":"publish","type":"product","link":"https:\/\/www.ernstbrunn-apotheke.at\/katalog\/produkt\/bano-franzbranntwein-murmelin-tirol\/","title":{"rendered":"Bano Franzbranntwein Murmelin Tirol"},"content":{"rendered":"<p>Murmelin Franzbranntwein ist ideal vor und nach Sport und k\u00f6rperlicher Bet\u00e4tigung, sowie bei Muskelkater oder einfach nur zum K\u00fchlen schwerer Beine. Murmelin Franzbranntwein enth\u00e4lt neben 65% vol. Alkohol unter anderem Latschenkiefer\u00f6l, Menthol und Arnikaextrakt.<\/p>\n<p>&#13;<\/p>\n<p>Vor allem die 250ml Spr\u00fchflache ist handlich und passt in jeden Wanderrucksack, jede Strandtasche oder jedes Reisegep\u00e4ck hinein und sorgt f\u00fcr den Frischekick on the go.<\/p>\n<p>&#13;<\/p>\n<p>\u00a0<\/p>\n<p>&#13;<\/p>\n<p><strong>Wirkung<\/strong><\/p>\n<p>&#13;<\/p>\n<p>Die enthaltenen Inhaltsstoffe Latschenkiefer\u00f6l, Menthol und Arnikaextrakt f\u00f6rdern die Hautdurchblutung und beschleunigen somit die Regeneration bei Abgeschlagenheit und nach Sport sowie nach k\u00f6rperlichen Anstrengungen. Alkohol und Menthol haben einen k\u00fchlenden Effekt, der auch bei schweren Beinen und Hitze angenehme Entspannung bringt.<\/p>\n<p>&#13;<\/p>\n<p>Die Verwendung von verd\u00fcnntem Alkohol mit verschiedenen \u00e4therischen \u00d6len l\u00e4sst sich &#8211; vor allem in Frankreich &#8211; bis ins 17. Jahrhundert zur\u00fcckverfolgen &#8211; daher auch der Name &#8222;Franz&#8220;branntwein.<\/p>\n","protected":false},"excerpt":{"rendered":"<p>Murmelin Franzbranntwein ist ideal vor und nach Sport und k\u00f6rperlicher Bet\u00e4tigung, sowie bei Muskelkater oder einfach nur zum K\u00fchlen schwerer Beine. Murmelin Franzbranntwein enth\u00e4lt neben 65% vol. Alkohol unter anderem Latschenkiefer\u00f6l, Menthol und Arnikaextrakt. &#13; Vor allem die 250ml Spr\u00fchflache ist handlich und passt in jeden Wanderrucksack, jede Strandtasche oder jedes Reisegep\u00e4ck hinein und sorgt [&hellip;]<\/p>\n","protected":false},"featured_media":92101,"template":"","meta":{"_acf_changed":false},"product_brand":[1005],"product_cat":[802],"product_tag":[],"class_list":{"0":"post-92099","1":"product","2":"type-product","3":"status-publish","4":"has-post-thumbnail","6":"product_brand-bano","7":"product_cat-b","8":"pa_packungsgroesse-1l","9":"pa_packungsgroesse-250ml","10":"pa_packungsgroesse-500ml","12":"first","13":"instock","14":"shipping-taxable","15":"purchasable","16":"product-type-variable"},"acf":[],"_links":{"self":[{"href":"https:\/\/www.ernstbrunn-apotheke.at\/katalog\/wp-json\/wp\/v2\/product\/92099","targetHints":{"allow":["GET"]}}],"collection":[{"href":"https:\/\/www.ernstbrunn-apotheke.at\/katalog\/wp-json\/wp\/v2\/product"}],"about":[{"href":"https:\/\/www.ernstbrunn-apotheke.at\/katalog\/wp-json\/wp\/v2\/types\/product"}],"wp:featuredmedia":[{"embeddable":true,"href":"https:\/\/www.ernstbrunn-apotheke.at\/katalog\/wp-json\/wp\/v2\/media\/92101"}],"wp:attachment":[{"href":"https:\/\/www.ernstbrunn-apotheke.at\/katalog\/wp-json\/wp\/v2\/media?parent=92099"}],"wp:term":[{"taxonomy":"product_brand","embeddable":true,"href":"https:\/\/www.ernstbrunn-apotheke.at\/katalog\/wp-json\/wp\/v2\/product_brand?post=92099"},{"taxonomy":"product_cat","embeddable":true,"href":"https:\/\/www.ernstbrunn-apotheke.at\/katalog\/wp-json\/wp\/v2\/product_cat?post=92099"},{"taxonomy":"product_tag","embeddable":true,"href":"https:\/\/www.ernstbrunn-apotheke.at\/katalog\/wp-json\/wp\/v2\/product_tag?post=92099"}],"curies":[{"name":"wp","href":"https:\/\/api.w.org\/{rel}","templated":true}]}}