{"id":92081,"date":"2025-11-12T08:56:50","date_gmt":"2025-11-12T07:56:50","guid":{"rendered":"https:\/\/www.ernstbrunn-apotheke.at\/katalog\/produkt\/bano-arlberger-latschenkiefer-creme\/"},"modified":"2025-12-08T20:28:25","modified_gmt":"2025-12-08T19:28:25","slug":"bano-arlberger-latschenkiefer-creme","status":"publish","type":"product","link":"https:\/\/www.ernstbrunn-apotheke.at\/katalog\/produkt\/bano-arlberger-latschenkiefer-creme\/","title":{"rendered":"Bano Arlberger Latschenkiefer Creme"},"content":{"rendered":"<p>Schon bei Temperaturen unter 8 Grad Celsius f\u00e4hrt unsere Haut die eigene Fettproduktion herunter. Fett wirkt jedoch wie eine Barriere und verhindert, dass kalte Winterluft unsere Haut angreift.<\/p>\n<p>&#13;<\/p>\n<p>Daher ist die Arlberger Latschenkiefercreme unter anderem der Klassiker auf der Piste! Sie ist eine fettende Schutzcreme gegen Wind und K\u00e4lte und unterst\u00fctzt dabei durch die Reflexion der Sonne in der Vaseline die nat\u00fcrliche Br\u00e4unung.<\/p>\n<p>&#13;<\/p>\n<p>\u00a0<\/p>\n<p>&#13;<\/p>\n<p><strong>Wirkung<\/strong><\/p>\n<p>&#13;<\/p>\n<p>Die Kombination aus Latschenkiefer\u00f6l, Wacholderbeerenextrakt und hautsch\u00fctzender Vaseline macht diese Creme einzigartig. Die Wirksamkeit und der gute Geruch nach Latschenkiefer haben die Latschenkiefercreme schon seit Jahren zur Standardausr\u00fcstung vieler Skifahrer gemacht. Besonders Skilehrer, die permanent Wind und K\u00e4lte ausgesetzt sind und eine intensive Br\u00e4unung w\u00fcnschen, schw\u00f6ren auf unsere Arlberger Latschenkiefercreme.<\/p>\n","protected":false},"excerpt":{"rendered":"<p>Schon bei Temperaturen unter 8 Grad Celsius f\u00e4hrt unsere Haut die eigene Fettproduktion herunter. Fett wirkt jedoch wie eine Barriere und verhindert, dass kalte Winterluft unsere Haut angreift. &#13; Daher ist die Arlberger Latschenkiefercreme unter anderem der Klassiker auf der Piste! Sie ist eine fettende Schutzcreme gegen Wind und K\u00e4lte und unterst\u00fctzt dabei durch die [&hellip;]<\/p>\n","protected":false},"featured_media":92083,"template":"","meta":{"_acf_changed":false},"product_brand":[1005],"product_cat":[802],"product_tag":[],"class_list":{"0":"post-92081","1":"product","2":"type-product","3":"status-publish","4":"has-post-thumbnail","6":"product_brand-bano","7":"product_cat-b","8":"pa_packungsgroesse-50ml","10":"first","11":"instock","12":"shipping-taxable","13":"purchasable","14":"product-type-simple"},"acf":[],"_links":{"self":[{"href":"https:\/\/www.ernstbrunn-apotheke.at\/katalog\/wp-json\/wp\/v2\/product\/92081","targetHints":{"allow":["GET"]}}],"collection":[{"href":"https:\/\/www.ernstbrunn-apotheke.at\/katalog\/wp-json\/wp\/v2\/product"}],"about":[{"href":"https:\/\/www.ernstbrunn-apotheke.at\/katalog\/wp-json\/wp\/v2\/types\/product"}],"wp:featuredmedia":[{"embeddable":true,"href":"https:\/\/www.ernstbrunn-apotheke.at\/katalog\/wp-json\/wp\/v2\/media\/92083"}],"wp:attachment":[{"href":"https:\/\/www.ernstbrunn-apotheke.at\/katalog\/wp-json\/wp\/v2\/media?parent=92081"}],"wp:term":[{"taxonomy":"product_brand","embeddable":true,"href":"https:\/\/www.ernstbrunn-apotheke.at\/katalog\/wp-json\/wp\/v2\/product_brand?post=92081"},{"taxonomy":"product_cat","embeddable":true,"href":"https:\/\/www.ernstbrunn-apotheke.at\/katalog\/wp-json\/wp\/v2\/product_cat?post=92081"},{"taxonomy":"product_tag","embeddable":true,"href":"https:\/\/www.ernstbrunn-apotheke.at\/katalog\/wp-json\/wp\/v2\/product_tag?post=92081"}],"curies":[{"name":"wp","href":"https:\/\/api.w.org\/{rel}","templated":true}]}}