{"id":92071,"date":"2025-11-12T08:56:50","date_gmt":"2025-11-12T07:56:50","guid":{"rendered":"https:\/\/www.ernstbrunn-apotheke.at\/katalog\/produkt\/tiroler-steinoel-haussalbe\/"},"modified":"2025-12-08T20:28:23","modified_gmt":"2025-12-08T19:28:23","slug":"tiroler-steinoel-haussalbe","status":"publish","type":"product","link":"https:\/\/www.ernstbrunn-apotheke.at\/katalog\/produkt\/tiroler-steinoel-haussalbe\/","title":{"rendered":"Tiroler Stein\u00f6l Haussalbe"},"content":{"rendered":"<p>Tiroler Stein\u00f6l Haussalbe ist eine f\u00fcr den \u00e4u\u00dferen Gebrauch bestimmte, entz\u00fcndungs- hemmend wirkende Zubereitung. Als Wirksubstanz wird ein Destillat verwendet, das aus \u00d6l- schiefer gewonnen wird. Sie wird als Zugsalbe und bei leichten entz\u00fcndlichen Beschwerden verwendet.<\/p>\n","protected":false},"excerpt":{"rendered":"<p>Tiroler Stein\u00f6l Haussalbe ist eine f\u00fcr den \u00e4u\u00dferen Gebrauch bestimmte, entz\u00fcndungs- hemmend wirkende Zubereitung. Als Wirksubstanz wird ein Destillat verwendet, das aus \u00d6l- schiefer gewonnen wird. Sie wird als Zugsalbe und bei leichten entz\u00fcndlichen Beschwerden verwendet.<\/p>\n","protected":false},"featured_media":92073,"template":"","meta":{"_acf_changed":false},"product_brand":[],"product_cat":[798],"product_tag":[],"class_list":{"0":"post-92071","1":"product","2":"type-product","3":"status-publish","4":"has-post-thumbnail","6":"product_cat-t","7":"pa_packungsgroesse-100ml","9":"first","10":"instock","11":"shipping-taxable","12":"purchasable","13":"product-type-simple"},"acf":[],"_links":{"self":[{"href":"https:\/\/www.ernstbrunn-apotheke.at\/katalog\/wp-json\/wp\/v2\/product\/92071","targetHints":{"allow":["GET"]}}],"collection":[{"href":"https:\/\/www.ernstbrunn-apotheke.at\/katalog\/wp-json\/wp\/v2\/product"}],"about":[{"href":"https:\/\/www.ernstbrunn-apotheke.at\/katalog\/wp-json\/wp\/v2\/types\/product"}],"wp:featuredmedia":[{"embeddable":true,"href":"https:\/\/www.ernstbrunn-apotheke.at\/katalog\/wp-json\/wp\/v2\/media\/92073"}],"wp:attachment":[{"href":"https:\/\/www.ernstbrunn-apotheke.at\/katalog\/wp-json\/wp\/v2\/media?parent=92071"}],"wp:term":[{"taxonomy":"product_brand","embeddable":true,"href":"https:\/\/www.ernstbrunn-apotheke.at\/katalog\/wp-json\/wp\/v2\/product_brand?post=92071"},{"taxonomy":"product_cat","embeddable":true,"href":"https:\/\/www.ernstbrunn-apotheke.at\/katalog\/wp-json\/wp\/v2\/product_cat?post=92071"},{"taxonomy":"product_tag","embeddable":true,"href":"https:\/\/www.ernstbrunn-apotheke.at\/katalog\/wp-json\/wp\/v2\/product_tag?post=92071"}],"curies":[{"name":"wp","href":"https:\/\/api.w.org\/{rel}","templated":true}]}}