{"id":92051,"date":"2025-11-12T08:56:50","date_gmt":"2025-11-12T07:56:50","guid":{"rendered":"https:\/\/www.ernstbrunn-apotheke.at\/katalog\/produkt\/arlberger-arnika-gelee\/"},"modified":"2025-12-08T20:28:20","modified_gmt":"2025-12-08T19:28:20","slug":"arlberger-arnika-gelee","status":"publish","type":"product","link":"https:\/\/www.ernstbrunn-apotheke.at\/katalog\/produkt\/arlberger-arnika-gelee\/","title":{"rendered":"Arlberger Arnika Gelee"},"content":{"rendered":"<p>K\u00fchlendes, abschwellendes Gel mit wertvollem Arnikaextrakt. Spendet Feuchtigkeit und wirkt beruhigend bei Hautirritationen, Sonnenbrand oder nach Umknicken. \u00a0<br \/>Arlberger Arnika Gelee wirkt auch juckreizlindernd und abschwellend bei Insektenstichen sowie nach leichten Prellungen.<\/p>\n<p>&#13;<\/p>\n<p>Das Arnika Gelee geh\u00f6rt zu den bew\u00e4hrtesten BANO Produkten und wurde bereits in den 80er Jahren in der Arlberg Apotheke in St. Anton in Tirol entwickelt. Es \u00fcber Apotheken, Reformh\u00e4user und im ausgew\u00e4hlten Fachhandel erh\u00e4ltlich.<\/p>\n<p>&#13;<\/p>\n<p>\u00a0<\/p>\n<p>&#13;<\/p>\n<p><strong>Wirkung <\/strong><\/p>\n<p>&#13;<\/p>\n<p>Die\u00a0Arnika\u00a0(Arnica montana), auch Bergwohlverleih genannt, ist eine Pflanzenart aus der Gattung Arnika innerhalb der Familie der Korbbl\u00fctler (Asteraceae). Man findet sie in den Gebirgen Europas, wo sie unter Naturschutz steht. Schon im fr\u00fchen 16. Jahrhundert war die heilende Wirkung von Arnika bekannt. In der Literatur wird ihr eine schmerzlindernde und auch entz\u00fcndungshemmende Eigenschaft zugeordnet.<\/p>\n","protected":false},"excerpt":{"rendered":"<p>K\u00fchlendes, abschwellendes Gel mit wertvollem Arnikaextrakt. Spendet Feuchtigkeit und wirkt beruhigend bei Hautirritationen, Sonnenbrand oder nach Umknicken. \u00a0Arlberger Arnika Gelee wirkt auch juckreizlindernd und abschwellend bei Insektenstichen sowie nach leichten Prellungen. &#13; Das Arnika Gelee geh\u00f6rt zu den bew\u00e4hrtesten BANO Produkten und wurde bereits in den 80er Jahren in der Arlberg Apotheke in St. Anton [&hellip;]<\/p>\n","protected":false},"featured_media":92053,"template":"","meta":{"_acf_changed":false},"product_brand":[1005],"product_cat":[801],"product_tag":[],"class_list":{"0":"post-92051","1":"product","2":"type-product","3":"status-publish","4":"has-post-thumbnail","6":"product_brand-bano","7":"product_cat-a","8":"pa_packungsgroesse-60ml","10":"first","11":"instock","12":"shipping-taxable","13":"purchasable","14":"product-type-simple"},"acf":[],"_links":{"self":[{"href":"https:\/\/www.ernstbrunn-apotheke.at\/katalog\/wp-json\/wp\/v2\/product\/92051","targetHints":{"allow":["GET"]}}],"collection":[{"href":"https:\/\/www.ernstbrunn-apotheke.at\/katalog\/wp-json\/wp\/v2\/product"}],"about":[{"href":"https:\/\/www.ernstbrunn-apotheke.at\/katalog\/wp-json\/wp\/v2\/types\/product"}],"wp:featuredmedia":[{"embeddable":true,"href":"https:\/\/www.ernstbrunn-apotheke.at\/katalog\/wp-json\/wp\/v2\/media\/92053"}],"wp:attachment":[{"href":"https:\/\/www.ernstbrunn-apotheke.at\/katalog\/wp-json\/wp\/v2\/media?parent=92051"}],"wp:term":[{"taxonomy":"product_brand","embeddable":true,"href":"https:\/\/www.ernstbrunn-apotheke.at\/katalog\/wp-json\/wp\/v2\/product_brand?post=92051"},{"taxonomy":"product_cat","embeddable":true,"href":"https:\/\/www.ernstbrunn-apotheke.at\/katalog\/wp-json\/wp\/v2\/product_cat?post=92051"},{"taxonomy":"product_tag","embeddable":true,"href":"https:\/\/www.ernstbrunn-apotheke.at\/katalog\/wp-json\/wp\/v2\/product_tag?post=92051"}],"curies":[{"name":"wp","href":"https:\/\/api.w.org\/{rel}","templated":true}]}}