{"id":92024,"date":"2025-11-12T08:55:05","date_gmt":"2025-11-12T07:55:05","guid":{"rendered":"https:\/\/www.ernstbrunn-apotheke.at\/katalog\/produkt\/diana-franzbranntwein-mit-menthol\/"},"modified":"2025-12-08T20:28:29","modified_gmt":"2025-12-08T19:28:29","slug":"diana-franzbranntwein-mit-menthol","status":"publish","type":"product","link":"https:\/\/www.ernstbrunn-apotheke.at\/katalog\/produkt\/diana-franzbranntwein-mit-menthol\/","title":{"rendered":"Diana Franzbranntwein mit Menthol"},"content":{"rendered":"<p><span style='margin: 0px; line-height: 107%; font-family: \"Calibri\",sans-serif; font-size: 11pt;'><font color=\"#000000\">DianaFranzbranntwein k\u00fchlt mit erfrischendem Menthol bei Hitze und schw\u00fclem Wetter,bei Witterungsumschwung und schwerem Kopf. Diana mit Menthol enth\u00e4lt reinenAlkohol. <\/font><\/span><\/p>\n<p><span style='margin: 0px; line-height: 107%; font-family: \"Calibri\",sans-serif; font-size: 11pt;'><font color=\"#000000\">Die bew\u00e4hrte Zusammensetzung und die sorgf\u00e4ltige Wahl der Bestandteileaus feinsten Destillaten und Rohstoffen b\u00fcrgen f\u00fcr die gleichbleibend hoheQualit\u00e4t dieses einzigartigen Hausmittels. <\/font><\/span><\/p>\n<h3><\/h3>\n","protected":false},"excerpt":{"rendered":"<p>DianaFranzbranntwein k\u00fchlt mit erfrischendem Menthol bei Hitze und schw\u00fclem Wetter,bei Witterungsumschwung und schwerem Kopf. Diana mit Menthol enth\u00e4lt reinenAlkohol. Die bew\u00e4hrte Zusammensetzung und die sorgf\u00e4ltige Wahl der Bestandteileaus feinsten Destillaten und Rohstoffen b\u00fcrgen f\u00fcr die gleichbleibend hoheQualit\u00e4t dieses einzigartigen Hausmittels.<\/p>\n","protected":false},"featured_media":92026,"template":"","meta":{"_acf_changed":false},"product_brand":[],"product_cat":[792],"product_tag":[],"class_list":{"0":"post-92024","1":"product","2":"type-product","3":"status-publish","4":"has-post-thumbnail","6":"product_cat-d","7":"pa_packungsgroesse-100ml","8":"pa_packungsgroesse-250ml","10":"first","11":"instock","12":"shipping-taxable","13":"purchasable","14":"product-type-variable"},"acf":[],"_links":{"self":[{"href":"https:\/\/www.ernstbrunn-apotheke.at\/katalog\/wp-json\/wp\/v2\/product\/92024","targetHints":{"allow":["GET"]}}],"collection":[{"href":"https:\/\/www.ernstbrunn-apotheke.at\/katalog\/wp-json\/wp\/v2\/product"}],"about":[{"href":"https:\/\/www.ernstbrunn-apotheke.at\/katalog\/wp-json\/wp\/v2\/types\/product"}],"wp:featuredmedia":[{"embeddable":true,"href":"https:\/\/www.ernstbrunn-apotheke.at\/katalog\/wp-json\/wp\/v2\/media\/92026"}],"wp:attachment":[{"href":"https:\/\/www.ernstbrunn-apotheke.at\/katalog\/wp-json\/wp\/v2\/media?parent=92024"}],"wp:term":[{"taxonomy":"product_brand","embeddable":true,"href":"https:\/\/www.ernstbrunn-apotheke.at\/katalog\/wp-json\/wp\/v2\/product_brand?post=92024"},{"taxonomy":"product_cat","embeddable":true,"href":"https:\/\/www.ernstbrunn-apotheke.at\/katalog\/wp-json\/wp\/v2\/product_cat?post=92024"},{"taxonomy":"product_tag","embeddable":true,"href":"https:\/\/www.ernstbrunn-apotheke.at\/katalog\/wp-json\/wp\/v2\/product_tag?post=92024"}],"curies":[{"name":"wp","href":"https:\/\/api.w.org\/{rel}","templated":true}]}}