{"id":9184,"date":"2025-11-07T13:54:39","date_gmt":"2025-11-07T12:54:39","guid":{"rendered":"https:\/\/www.ernstbrunn-apotheke.at\/katalog\/produkt\/blink-contacts-augentropfen-035ml-einzeldosen\/"},"modified":"2025-12-08T13:27:03","modified_gmt":"2025-12-08T12:27:03","slug":"blink-contacts-augentropfen-035ml-einzeldosen","status":"publish","type":"product","link":"https:\/\/www.ernstbrunn-apotheke.at\/katalog\/produkt\/blink-contacts-augentropfen-035ml-einzeldosen\/","title":{"rendered":"BLINK CONTACTS+ Augentropfen 0,35ml Einzeldosen"},"content":{"rendered":"<p>Blink Contacts+ ist eine Nachbenetzungsl\u00f6sung f\u00fcr angenehm frische und k\u00fchle Augen. Sie ist ideal f\u00fcr alle Arten von Kontaktlinsen, auch f\u00fcr Austauschsysteme und Ein-Tages-Linsen. Die L\u00f6sung eignet sich zur Anwendung bei dem Gef\u00fchl von Trockenheit oder Irritationen am Auge. Sie spendet lang anhaltende Frische und Feuchtigkeit, ohne die Kontaktlinse herausnehmen zu m\u00fcssen.<\/p>\n","protected":false},"excerpt":{"rendered":"<p>Blink Contacts+ ist eine Nachbenetzungsl\u00f6sung f\u00fcr angenehm frische und k\u00fchle Augen. Sie ist ideal f\u00fcr alle Arten von Kontaktlinsen, auch f\u00fcr Austauschsysteme und Ein-Tages-Linsen. Die L\u00f6sung eignet sich zur Anwendung bei dem Gef\u00fchl von Trockenheit oder Irritationen am Auge. Sie spendet lang anhaltende Frische und Feuchtigkeit, ohne die Kontaktlinse herausnehmen zu m\u00fcssen.<\/p>\n","protected":false},"featured_media":9186,"template":"","meta":{"_acf_changed":false},"product_brand":[],"product_cat":[802],"product_tag":[],"class_list":{"0":"post-9184","1":"product","2":"type-product","3":"status-publish","4":"has-post-thumbnail","6":"product_cat-b","7":"pa_packungsgroesse-20-stueck","9":"first","10":"instock","11":"shipping-taxable","12":"purchasable","13":"product-type-simple"},"acf":[],"_links":{"self":[{"href":"https:\/\/www.ernstbrunn-apotheke.at\/katalog\/wp-json\/wp\/v2\/product\/9184","targetHints":{"allow":["GET"]}}],"collection":[{"href":"https:\/\/www.ernstbrunn-apotheke.at\/katalog\/wp-json\/wp\/v2\/product"}],"about":[{"href":"https:\/\/www.ernstbrunn-apotheke.at\/katalog\/wp-json\/wp\/v2\/types\/product"}],"wp:featuredmedia":[{"embeddable":true,"href":"https:\/\/www.ernstbrunn-apotheke.at\/katalog\/wp-json\/wp\/v2\/media\/9186"}],"wp:attachment":[{"href":"https:\/\/www.ernstbrunn-apotheke.at\/katalog\/wp-json\/wp\/v2\/media?parent=9184"}],"wp:term":[{"taxonomy":"product_brand","embeddable":true,"href":"https:\/\/www.ernstbrunn-apotheke.at\/katalog\/wp-json\/wp\/v2\/product_brand?post=9184"},{"taxonomy":"product_cat","embeddable":true,"href":"https:\/\/www.ernstbrunn-apotheke.at\/katalog\/wp-json\/wp\/v2\/product_cat?post=9184"},{"taxonomy":"product_tag","embeddable":true,"href":"https:\/\/www.ernstbrunn-apotheke.at\/katalog\/wp-json\/wp\/v2\/product_tag?post=9184"}],"curies":[{"name":"wp","href":"https:\/\/api.w.org\/{rel}","templated":true}]}}