{"id":91812,"date":"2025-11-12T08:22:55","date_gmt":"2025-11-12T07:22:55","guid":{"rendered":"https:\/\/www.ernstbrunn-apotheke.at\/katalog\/produkt\/nigersan-d3-zaepfchen-10-stk\/"},"modified":"2025-12-08T20:27:14","modified_gmt":"2025-12-08T19:27:14","slug":"nigersan-d3-zaepfchen-10-stk","status":"publish","type":"product","link":"https:\/\/www.ernstbrunn-apotheke.at\/katalog\/produkt\/nigersan-d3-zaepfchen-10-stk\/","title":{"rendered":"Nigersan D3 Z\u00e4pfchen 10 Stk."},"content":{"rendered":"<p>Nigersan D3 Z\u00e4pfchen ist ein spezifisch wirkendes Pr\u00e4parat zur isopathischen und immunbiologischen Behandlung der Paratuberkulose und deren Folgekrankheiten. Dabei greift Nigersan im Gegensatz zu den chemischen, bakteriostatischen oder antibiotischen Pr\u00e4paraten den Tuberkelbazillus nicht direkt an, basierend auf der Enderlein\u2019schen Lehre der Bakterien-Cyclogenie macht er sich dagegen eine \u201cSchwachstelle\u201d im zyklischen Kreislauf des Parasiten zunutze und beschleunigt k\u00fcnstlich einen Vorgang, der sich innerhalb des Generationswechsels und besonders bei allen Heilungsvorg\u00e4ngen ohnehin spontan abspielt, n\u00e4mlich den Abbau des Tuberkelbazillus.<\/p>\n","protected":false},"excerpt":{"rendered":"<p>Nigersan D3 Z\u00e4pfchen ist ein spezifisch wirkendes Pr\u00e4parat zur isopathischen und immunbiologischen Behandlung der Paratuberkulose und deren Folgekrankheiten. Dabei greift Nigersan im Gegensatz zu den chemischen, bakteriostatischen oder antibiotischen Pr\u00e4paraten den Tuberkelbazillus nicht direkt an, basierend auf der Enderlein\u2019schen Lehre der Bakterien-Cyclogenie macht er sich dagegen eine \u201cSchwachstelle\u201d im zyklischen Kreislauf des Parasiten zunutze und [&hellip;]<\/p>\n","protected":false},"featured_media":91814,"template":"","meta":{"_acf_changed":false},"product_brand":[],"product_cat":[797],"product_tag":[],"class_list":{"0":"post-91812","1":"product","2":"type-product","3":"status-publish","4":"has-post-thumbnail","6":"product_cat-n","7":"pa_packungsgroesse-10-stueck","9":"first","10":"instock","11":"shipping-taxable","12":"purchasable","13":"product-type-simple"},"acf":[],"_links":{"self":[{"href":"https:\/\/www.ernstbrunn-apotheke.at\/katalog\/wp-json\/wp\/v2\/product\/91812","targetHints":{"allow":["GET"]}}],"collection":[{"href":"https:\/\/www.ernstbrunn-apotheke.at\/katalog\/wp-json\/wp\/v2\/product"}],"about":[{"href":"https:\/\/www.ernstbrunn-apotheke.at\/katalog\/wp-json\/wp\/v2\/types\/product"}],"wp:featuredmedia":[{"embeddable":true,"href":"https:\/\/www.ernstbrunn-apotheke.at\/katalog\/wp-json\/wp\/v2\/media\/91814"}],"wp:attachment":[{"href":"https:\/\/www.ernstbrunn-apotheke.at\/katalog\/wp-json\/wp\/v2\/media?parent=91812"}],"wp:term":[{"taxonomy":"product_brand","embeddable":true,"href":"https:\/\/www.ernstbrunn-apotheke.at\/katalog\/wp-json\/wp\/v2\/product_brand?post=91812"},{"taxonomy":"product_cat","embeddable":true,"href":"https:\/\/www.ernstbrunn-apotheke.at\/katalog\/wp-json\/wp\/v2\/product_cat?post=91812"},{"taxonomy":"product_tag","embeddable":true,"href":"https:\/\/www.ernstbrunn-apotheke.at\/katalog\/wp-json\/wp\/v2\/product_tag?post=91812"}],"curies":[{"name":"wp","href":"https:\/\/api.w.org\/{rel}","templated":true}]}}