{"id":9181,"date":"2025-11-07T13:54:00","date_gmt":"2025-11-07T12:54:00","guid":{"rendered":"https:\/\/www.ernstbrunn-apotheke.at\/katalog\/produkt\/heidelbeer-p-kapseln\/"},"modified":"2025-12-08T13:27:02","modified_gmt":"2025-12-08T12:27:02","slug":"heidelbeer-p-kapseln","status":"publish","type":"product","link":"https:\/\/www.ernstbrunn-apotheke.at\/katalog\/produkt\/heidelbeer-p-kapseln\/","title":{"rendered":"Heidelbeer P Kapseln"},"content":{"rendered":"<p>Gall Pharma Heidelbeer P Kapseln enthalten 400 mg Heidelbeer-Pulver. Hauptinhaltsstoff des Fruchtpulvers ist der blaue Farbstoff (Polyphenole\/Anthocyane). Dar\u00fcber hinaus enthalten Heidelbeeren bis zu 10 % Gerbstoffe sowie Fruchts\u00e4uren, Invertzucker und Pektine. Die Anthocyane in der Heidelbeere st\u00e4rken die Sehkraft.<\/p>\n","protected":false},"excerpt":{"rendered":"<p>Gall Pharma Heidelbeer P Kapseln enthalten 400 mg Heidelbeer-Pulver. Hauptinhaltsstoff des Fruchtpulvers ist der blaue Farbstoff (Polyphenole\/Anthocyane). Dar\u00fcber hinaus enthalten Heidelbeeren bis zu 10 % Gerbstoffe sowie Fruchts\u00e4uren, Invertzucker und Pektine. Die Anthocyane in der Heidelbeere st\u00e4rken die Sehkraft.<\/p>\n","protected":false},"featured_media":9183,"template":"","meta":{"_acf_changed":false},"product_brand":[371],"product_cat":[805],"product_tag":[],"class_list":{"0":"post-9181","1":"product","2":"type-product","3":"status-publish","4":"has-post-thumbnail","6":"product_brand-gall-pharma","7":"product_cat-h","8":"pa_packungsgroesse-180-stueck","9":"pa_packungsgroesse-90-stueck","11":"first","12":"instock","13":"shipping-taxable","14":"purchasable","15":"product-type-simple"},"acf":[],"_links":{"self":[{"href":"https:\/\/www.ernstbrunn-apotheke.at\/katalog\/wp-json\/wp\/v2\/product\/9181","targetHints":{"allow":["GET"]}}],"collection":[{"href":"https:\/\/www.ernstbrunn-apotheke.at\/katalog\/wp-json\/wp\/v2\/product"}],"about":[{"href":"https:\/\/www.ernstbrunn-apotheke.at\/katalog\/wp-json\/wp\/v2\/types\/product"}],"wp:featuredmedia":[{"embeddable":true,"href":"https:\/\/www.ernstbrunn-apotheke.at\/katalog\/wp-json\/wp\/v2\/media\/9183"}],"wp:attachment":[{"href":"https:\/\/www.ernstbrunn-apotheke.at\/katalog\/wp-json\/wp\/v2\/media?parent=9181"}],"wp:term":[{"taxonomy":"product_brand","embeddable":true,"href":"https:\/\/www.ernstbrunn-apotheke.at\/katalog\/wp-json\/wp\/v2\/product_brand?post=9181"},{"taxonomy":"product_cat","embeddable":true,"href":"https:\/\/www.ernstbrunn-apotheke.at\/katalog\/wp-json\/wp\/v2\/product_cat?post=9181"},{"taxonomy":"product_tag","embeddable":true,"href":"https:\/\/www.ernstbrunn-apotheke.at\/katalog\/wp-json\/wp\/v2\/product_tag?post=9181"}],"curies":[{"name":"wp","href":"https:\/\/api.w.org\/{rel}","templated":true}]}}