{"id":91661,"date":"2025-11-12T08:19:11","date_gmt":"2025-11-12T07:19:11","guid":{"rendered":"https:\/\/www.ernstbrunn-apotheke.at\/katalog\/produkt\/regenaplex-nr-17-15-ml\/"},"modified":"2025-12-08T20:26:25","modified_gmt":"2025-12-08T19:26:25","slug":"regenaplex-nr-17-15-ml","status":"publish","type":"product","link":"https:\/\/www.ernstbrunn-apotheke.at\/katalog\/produkt\/regenaplex-nr-17-15-ml\/","title":{"rendered":"Regenaplex Nr. 17 15 ml"},"content":{"rendered":"<p>Regenaplex Nr. 17 wirkt sich positiv auf \u00d6deme, sowie auf Perikarderg\u00fcsse aus. Die quasi nach einem Baukastensystem zusammengestellten Regenaplexe sind hom\u00f6opathische Komplexmittel mit jeweiligen Nummernbezeichnungen<\/p>\n","protected":false},"excerpt":{"rendered":"<p>Regenaplex Nr. 17 wirkt sich positiv auf \u00d6deme, sowie auf Perikarderg\u00fcsse aus. Die quasi nach einem Baukastensystem zusammengestellten Regenaplexe sind hom\u00f6opathische Komplexmittel mit jeweiligen Nummernbezeichnungen<\/p>\n","protected":false},"featured_media":91663,"template":"","meta":{"_acf_changed":false},"product_brand":[937],"product_cat":[808],"product_tag":[],"class_list":{"0":"post-91661","1":"product","2":"type-product","3":"status-publish","4":"has-post-thumbnail","6":"product_brand-regenaplex","7":"product_cat-r","8":"pa_packungsgroesse-15ml","10":"first","11":"instock","12":"shipping-taxable","13":"purchasable","14":"product-type-simple"},"acf":[],"_links":{"self":[{"href":"https:\/\/www.ernstbrunn-apotheke.at\/katalog\/wp-json\/wp\/v2\/product\/91661","targetHints":{"allow":["GET"]}}],"collection":[{"href":"https:\/\/www.ernstbrunn-apotheke.at\/katalog\/wp-json\/wp\/v2\/product"}],"about":[{"href":"https:\/\/www.ernstbrunn-apotheke.at\/katalog\/wp-json\/wp\/v2\/types\/product"}],"wp:featuredmedia":[{"embeddable":true,"href":"https:\/\/www.ernstbrunn-apotheke.at\/katalog\/wp-json\/wp\/v2\/media\/91663"}],"wp:attachment":[{"href":"https:\/\/www.ernstbrunn-apotheke.at\/katalog\/wp-json\/wp\/v2\/media?parent=91661"}],"wp:term":[{"taxonomy":"product_brand","embeddable":true,"href":"https:\/\/www.ernstbrunn-apotheke.at\/katalog\/wp-json\/wp\/v2\/product_brand?post=91661"},{"taxonomy":"product_cat","embeddable":true,"href":"https:\/\/www.ernstbrunn-apotheke.at\/katalog\/wp-json\/wp\/v2\/product_cat?post=91661"},{"taxonomy":"product_tag","embeddable":true,"href":"https:\/\/www.ernstbrunn-apotheke.at\/katalog\/wp-json\/wp\/v2\/product_tag?post=91661"}],"curies":[{"name":"wp","href":"https:\/\/api.w.org\/{rel}","templated":true}]}}