{"id":91650,"date":"2025-11-12T08:18:50","date_gmt":"2025-11-12T07:18:50","guid":{"rendered":"https:\/\/www.ernstbrunn-apotheke.at\/katalog\/produkt\/regenaplex-nr-56a-15-ml\/"},"modified":"2025-12-08T20:26:20","modified_gmt":"2025-12-08T19:26:20","slug":"regenaplex-nr-56a-15-ml","status":"publish","type":"product","link":"https:\/\/www.ernstbrunn-apotheke.at\/katalog\/produkt\/regenaplex-nr-56a-15-ml\/","title":{"rendered":"Regenaplex Nr. 56A 15 ml"},"content":{"rendered":"<p>Regenaplex: Die quasi nach einem Baukastensystem zusammengestellten Regenaplexe sind hom\u00f6opathische Komplexmittel mit jeweiligen Nummernbezeichnungen.Sie enthalten die gleichen Pflanzenextrakte, Mineralien und tierische Substanzen etc., wie die Einzelmittel der klassischen Hom\u00f6opathie.Die Regenaplexe werden in Tropfenform angeboten, weil damit wichtigste Reaktionen bzw. Umwandlungs-, Aufnahme- und Spaltungsfunktionen des Organismus \u00fcber Mundspeichel, Mundschleimh\u00e4ute, Magen-Darmtrakt in stufenloser Kette ber\u00fccksichtigt werden \u0096 alle Regenaplex Produkte.<\/p>\n","protected":false},"excerpt":{"rendered":"<p>Regenaplex: Die quasi nach einem Baukastensystem zusammengestellten Regenaplexe sind hom\u00f6opathische Komplexmittel mit jeweiligen Nummernbezeichnungen.Sie enthalten die gleichen Pflanzenextrakte, Mineralien und tierische Substanzen etc., wie die Einzelmittel der klassischen Hom\u00f6opathie.Die Regenaplexe werden in Tropfenform angeboten, weil damit wichtigste Reaktionen bzw. Umwandlungs-, Aufnahme- und Spaltungsfunktionen des Organismus \u00fcber Mundspeichel, Mundschleimh\u00e4ute, Magen-Darmtrakt in stufenloser Kette ber\u00fccksichtigt werden \u0096 [&hellip;]<\/p>\n","protected":false},"featured_media":91652,"template":"","meta":{"_acf_changed":false},"product_brand":[937],"product_cat":[808],"product_tag":[],"class_list":{"0":"post-91650","1":"product","2":"type-product","3":"status-publish","4":"has-post-thumbnail","6":"product_brand-regenaplex","7":"product_cat-r","8":"pa_packungsgroesse-15ml","10":"first","11":"instock","12":"shipping-taxable","13":"purchasable","14":"product-type-simple"},"acf":[],"_links":{"self":[{"href":"https:\/\/www.ernstbrunn-apotheke.at\/katalog\/wp-json\/wp\/v2\/product\/91650","targetHints":{"allow":["GET"]}}],"collection":[{"href":"https:\/\/www.ernstbrunn-apotheke.at\/katalog\/wp-json\/wp\/v2\/product"}],"about":[{"href":"https:\/\/www.ernstbrunn-apotheke.at\/katalog\/wp-json\/wp\/v2\/types\/product"}],"wp:featuredmedia":[{"embeddable":true,"href":"https:\/\/www.ernstbrunn-apotheke.at\/katalog\/wp-json\/wp\/v2\/media\/91652"}],"wp:attachment":[{"href":"https:\/\/www.ernstbrunn-apotheke.at\/katalog\/wp-json\/wp\/v2\/media?parent=91650"}],"wp:term":[{"taxonomy":"product_brand","embeddable":true,"href":"https:\/\/www.ernstbrunn-apotheke.at\/katalog\/wp-json\/wp\/v2\/product_brand?post=91650"},{"taxonomy":"product_cat","embeddable":true,"href":"https:\/\/www.ernstbrunn-apotheke.at\/katalog\/wp-json\/wp\/v2\/product_cat?post=91650"},{"taxonomy":"product_tag","embeddable":true,"href":"https:\/\/www.ernstbrunn-apotheke.at\/katalog\/wp-json\/wp\/v2\/product_tag?post=91650"}],"curies":[{"name":"wp","href":"https:\/\/api.w.org\/{rel}","templated":true}]}}