{"id":91627,"date":"2025-11-12T08:18:33","date_gmt":"2025-11-12T07:18:33","guid":{"rendered":"https:\/\/www.ernstbrunn-apotheke.at\/katalog\/produkt\/regenaplex-nr-506a-15-ml\/"},"modified":"2025-12-08T20:26:12","modified_gmt":"2025-12-08T19:26:12","slug":"regenaplex-nr-506a-15-ml","status":"publish","type":"product","link":"https:\/\/www.ernstbrunn-apotheke.at\/katalog\/produkt\/regenaplex-nr-506a-15-ml\/","title":{"rendered":"Regenaplex Nr. 506A 15 ml"},"content":{"rendered":"<p>Regenaplex Nr. 506A hilft bei D\u00fcnndarmsklerose und vermindert Resorption infolge von An\u00e4mie. Tipp: Regenaplex Nr. 56a wirkt au\u00dferdem unterst\u00fctzend bei Z\u00f6liakie (Form der Glutenunvertr\u00e4glichkeit)<\/p>\n","protected":false},"excerpt":{"rendered":"<p>Regenaplex Nr. 506A hilft bei D\u00fcnndarmsklerose und vermindert Resorption infolge von An\u00e4mie. Tipp: Regenaplex Nr. 56a wirkt au\u00dferdem unterst\u00fctzend bei Z\u00f6liakie (Form der Glutenunvertr\u00e4glichkeit)<\/p>\n","protected":false},"featured_media":91629,"template":"","meta":{"_acf_changed":false},"product_brand":[937],"product_cat":[808],"product_tag":[],"class_list":{"0":"post-91627","1":"product","2":"type-product","3":"status-publish","4":"has-post-thumbnail","6":"product_brand-regenaplex","7":"product_cat-r","8":"pa_packungsgroesse-15ml","10":"first","11":"instock","12":"shipping-taxable","13":"purchasable","14":"product-type-simple"},"acf":[],"_links":{"self":[{"href":"https:\/\/www.ernstbrunn-apotheke.at\/katalog\/wp-json\/wp\/v2\/product\/91627","targetHints":{"allow":["GET"]}}],"collection":[{"href":"https:\/\/www.ernstbrunn-apotheke.at\/katalog\/wp-json\/wp\/v2\/product"}],"about":[{"href":"https:\/\/www.ernstbrunn-apotheke.at\/katalog\/wp-json\/wp\/v2\/types\/product"}],"wp:featuredmedia":[{"embeddable":true,"href":"https:\/\/www.ernstbrunn-apotheke.at\/katalog\/wp-json\/wp\/v2\/media\/91629"}],"wp:attachment":[{"href":"https:\/\/www.ernstbrunn-apotheke.at\/katalog\/wp-json\/wp\/v2\/media?parent=91627"}],"wp:term":[{"taxonomy":"product_brand","embeddable":true,"href":"https:\/\/www.ernstbrunn-apotheke.at\/katalog\/wp-json\/wp\/v2\/product_brand?post=91627"},{"taxonomy":"product_cat","embeddable":true,"href":"https:\/\/www.ernstbrunn-apotheke.at\/katalog\/wp-json\/wp\/v2\/product_cat?post=91627"},{"taxonomy":"product_tag","embeddable":true,"href":"https:\/\/www.ernstbrunn-apotheke.at\/katalog\/wp-json\/wp\/v2\/product_tag?post=91627"}],"curies":[{"name":"wp","href":"https:\/\/api.w.org\/{rel}","templated":true}]}}