{"id":91593,"date":"2025-11-12T08:17:47","date_gmt":"2025-11-12T07:17:47","guid":{"rendered":"https:\/\/www.ernstbrunn-apotheke.at\/katalog\/produkt\/regenaplex-nr-27a-15-ml\/"},"modified":"2025-12-08T20:26:01","modified_gmt":"2025-12-08T19:26:01","slug":"regenaplex-nr-27a-15-ml","status":"publish","type":"product","link":"https:\/\/www.ernstbrunn-apotheke.at\/katalog\/produkt\/regenaplex-nr-27a-15-ml\/","title":{"rendered":"Regenaplex Nr. 27A 15 ml"},"content":{"rendered":"<p>Regenaplex Nr. 27A hilft bei allgemeiner Unruhe mit Schlafproblemen, sowie Kongestionen in den F\u00fc\u00dfen und im Kopf mit Hitzegef\u00fchl. Die quasi nach einem Baukastensystem zusammengestellten Regenaplexe sind hom\u00f6opathische Komplexmittel mit jeweiligen Nummernbezeichnungen &#8211; wir f\u00fchren alle Produkte von Regenaplex zu Sonderpreisen!<\/p>\n","protected":false},"excerpt":{"rendered":"<p>Regenaplex Nr. 27A hilft bei allgemeiner Unruhe mit Schlafproblemen, sowie Kongestionen in den F\u00fc\u00dfen und im Kopf mit Hitzegef\u00fchl. Die quasi nach einem Baukastensystem zusammengestellten Regenaplexe sind hom\u00f6opathische Komplexmittel mit jeweiligen Nummernbezeichnungen &#8211; wir f\u00fchren alle Produkte von Regenaplex zu Sonderpreisen!<\/p>\n","protected":false},"featured_media":91595,"template":"","meta":{"_acf_changed":false},"product_brand":[937],"product_cat":[808],"product_tag":[],"class_list":{"0":"post-91593","1":"product","2":"type-product","3":"status-publish","4":"has-post-thumbnail","6":"product_brand-regenaplex","7":"product_cat-r","8":"pa_packungsgroesse-15ml","10":"first","11":"instock","12":"shipping-taxable","13":"purchasable","14":"product-type-simple"},"acf":[],"_links":{"self":[{"href":"https:\/\/www.ernstbrunn-apotheke.at\/katalog\/wp-json\/wp\/v2\/product\/91593","targetHints":{"allow":["GET"]}}],"collection":[{"href":"https:\/\/www.ernstbrunn-apotheke.at\/katalog\/wp-json\/wp\/v2\/product"}],"about":[{"href":"https:\/\/www.ernstbrunn-apotheke.at\/katalog\/wp-json\/wp\/v2\/types\/product"}],"wp:featuredmedia":[{"embeddable":true,"href":"https:\/\/www.ernstbrunn-apotheke.at\/katalog\/wp-json\/wp\/v2\/media\/91595"}],"wp:attachment":[{"href":"https:\/\/www.ernstbrunn-apotheke.at\/katalog\/wp-json\/wp\/v2\/media?parent=91593"}],"wp:term":[{"taxonomy":"product_brand","embeddable":true,"href":"https:\/\/www.ernstbrunn-apotheke.at\/katalog\/wp-json\/wp\/v2\/product_brand?post=91593"},{"taxonomy":"product_cat","embeddable":true,"href":"https:\/\/www.ernstbrunn-apotheke.at\/katalog\/wp-json\/wp\/v2\/product_cat?post=91593"},{"taxonomy":"product_tag","embeddable":true,"href":"https:\/\/www.ernstbrunn-apotheke.at\/katalog\/wp-json\/wp\/v2\/product_tag?post=91593"}],"curies":[{"name":"wp","href":"https:\/\/api.w.org\/{rel}","templated":true}]}}