{"id":91517,"date":"2025-11-12T07:54:56","date_gmt":"2025-11-12T06:54:56","guid":{"rendered":"https:\/\/www.ernstbrunn-apotheke.at\/katalog\/produkt\/metasolidago-tropfen-100-ml\/"},"modified":"2025-12-08T20:25:33","modified_gmt":"2025-12-08T19:25:33","slug":"metasolidago-tropfen-100-ml","status":"publish","type":"product","link":"https:\/\/www.ernstbrunn-apotheke.at\/katalog\/produkt\/metasolidago-tropfen-100-ml\/","title":{"rendered":"Metasolidago-Tropfen 100 ml"},"content":{"rendered":"<p>Metasolidago Tropfen dienen zur Anregung der Nierenfunktion und werden daher bei funktionelle St\u00f6rungen der Nieren und Harnwege mit h\u00e4ufigem und schmerzhaftem Harndrang eingesetzt. Dar\u00fcber hinaus finden die Tropfen auch Anwendung bei Blasenkatarrhen.<\/p>\n","protected":false},"excerpt":{"rendered":"<p>Metasolidago Tropfen dienen zur Anregung der Nierenfunktion und werden daher bei funktionelle St\u00f6rungen der Nieren und Harnwege mit h\u00e4ufigem und schmerzhaftem Harndrang eingesetzt. Dar\u00fcber hinaus finden die Tropfen auch Anwendung bei Blasenkatarrhen.<\/p>\n","protected":false},"featured_media":91519,"template":"","meta":{"_acf_changed":false},"product_brand":[],"product_cat":[800],"product_tag":[],"class_list":{"0":"post-91517","1":"product","2":"type-product","3":"status-publish","4":"has-post-thumbnail","6":"product_cat-m","7":"pa_packungsgroesse-100ml","9":"first","10":"instock","11":"shipping-taxable","12":"purchasable","13":"product-type-simple"},"acf":[],"_links":{"self":[{"href":"https:\/\/www.ernstbrunn-apotheke.at\/katalog\/wp-json\/wp\/v2\/product\/91517","targetHints":{"allow":["GET"]}}],"collection":[{"href":"https:\/\/www.ernstbrunn-apotheke.at\/katalog\/wp-json\/wp\/v2\/product"}],"about":[{"href":"https:\/\/www.ernstbrunn-apotheke.at\/katalog\/wp-json\/wp\/v2\/types\/product"}],"wp:featuredmedia":[{"embeddable":true,"href":"https:\/\/www.ernstbrunn-apotheke.at\/katalog\/wp-json\/wp\/v2\/media\/91519"}],"wp:attachment":[{"href":"https:\/\/www.ernstbrunn-apotheke.at\/katalog\/wp-json\/wp\/v2\/media?parent=91517"}],"wp:term":[{"taxonomy":"product_brand","embeddable":true,"href":"https:\/\/www.ernstbrunn-apotheke.at\/katalog\/wp-json\/wp\/v2\/product_brand?post=91517"},{"taxonomy":"product_cat","embeddable":true,"href":"https:\/\/www.ernstbrunn-apotheke.at\/katalog\/wp-json\/wp\/v2\/product_cat?post=91517"},{"taxonomy":"product_tag","embeddable":true,"href":"https:\/\/www.ernstbrunn-apotheke.at\/katalog\/wp-json\/wp\/v2\/product_tag?post=91517"}],"curies":[{"name":"wp","href":"https:\/\/api.w.org\/{rel}","templated":true}]}}