{"id":9151,"date":"2025-11-07T13:54:00","date_gmt":"2025-11-07T12:54:00","guid":{"rendered":"https:\/\/www.ernstbrunn-apotheke.at\/katalog\/produkt\/blink-n-clean-befeuchtend-reinigend-fuer-eingesetzte-linsen\/"},"modified":"2025-12-08T13:26:59","modified_gmt":"2025-12-08T12:26:59","slug":"blink-n-clean-befeuchtend-reinigend-fuer-eingesetzte-linsen","status":"publish","type":"product","link":"https:\/\/www.ernstbrunn-apotheke.at\/katalog\/produkt\/blink-n-clean-befeuchtend-reinigend-fuer-eingesetzte-linsen\/","title":{"rendered":"BLINK N CLEAN befeuchtend &#038; reinigend f\u00fcr eingesetzte Linsen"},"content":{"rendered":"<p>Blink &#8217;n&#8216; clean sind Augentropfen f\u00fcr die schnelle Kontaktlinsenreinigung w\u00e4hrend des Tragens. Sie wurden entwickelt f\u00fcr klare Sicht und mehr Komfort beim Kontaktlinsentragen. Die sanfte L\u00f6sung bietet mehr als Nachbenetzung. Sie w\u00e4scht nat\u00fcrlich entstandene Verunreinigungen und Proteinablagerungen einfach ab und gibt Ihnen das Gef\u00fchl von Frische und Tragekomfort zur\u00fcck.<\/p>\n","protected":false},"excerpt":{"rendered":"<p>Blink &#8217;n&#8216; clean sind Augentropfen f\u00fcr die schnelle Kontaktlinsenreinigung w\u00e4hrend des Tragens. Sie wurden entwickelt f\u00fcr klare Sicht und mehr Komfort beim Kontaktlinsentragen. Die sanfte L\u00f6sung bietet mehr als Nachbenetzung. Sie w\u00e4scht nat\u00fcrlich entstandene Verunreinigungen und Proteinablagerungen einfach ab und gibt Ihnen das Gef\u00fchl von Frische und Tragekomfort zur\u00fcck.<\/p>\n","protected":false},"featured_media":9153,"template":"","meta":{"_acf_changed":false},"product_brand":[],"product_cat":[802],"product_tag":[],"class_list":{"0":"post-9151","1":"product","2":"type-product","3":"status-publish","4":"has-post-thumbnail","6":"product_cat-b","7":"pa_packungsgroesse-15ml","9":"first","10":"instock","11":"shipping-taxable","12":"purchasable","13":"product-type-simple"},"acf":[],"_links":{"self":[{"href":"https:\/\/www.ernstbrunn-apotheke.at\/katalog\/wp-json\/wp\/v2\/product\/9151","targetHints":{"allow":["GET"]}}],"collection":[{"href":"https:\/\/www.ernstbrunn-apotheke.at\/katalog\/wp-json\/wp\/v2\/product"}],"about":[{"href":"https:\/\/www.ernstbrunn-apotheke.at\/katalog\/wp-json\/wp\/v2\/types\/product"}],"wp:featuredmedia":[{"embeddable":true,"href":"https:\/\/www.ernstbrunn-apotheke.at\/katalog\/wp-json\/wp\/v2\/media\/9153"}],"wp:attachment":[{"href":"https:\/\/www.ernstbrunn-apotheke.at\/katalog\/wp-json\/wp\/v2\/media?parent=9151"}],"wp:term":[{"taxonomy":"product_brand","embeddable":true,"href":"https:\/\/www.ernstbrunn-apotheke.at\/katalog\/wp-json\/wp\/v2\/product_brand?post=9151"},{"taxonomy":"product_cat","embeddable":true,"href":"https:\/\/www.ernstbrunn-apotheke.at\/katalog\/wp-json\/wp\/v2\/product_cat?post=9151"},{"taxonomy":"product_tag","embeddable":true,"href":"https:\/\/www.ernstbrunn-apotheke.at\/katalog\/wp-json\/wp\/v2\/product_tag?post=9151"}],"curies":[{"name":"wp","href":"https:\/\/api.w.org\/{rel}","templated":true}]}}