{"id":91448,"date":"2025-11-12T07:53:46","date_gmt":"2025-11-12T06:53:46","guid":{"rendered":"https:\/\/www.ernstbrunn-apotheke.at\/katalog\/produkt\/proscenat-spagyra-tropfen-pekana\/"},"modified":"2025-12-08T20:25:16","modified_gmt":"2025-12-08T19:25:16","slug":"proscenat-spagyra-tropfen-pekana","status":"publish","type":"product","link":"https:\/\/www.ernstbrunn-apotheke.at\/katalog\/produkt\/proscenat-spagyra-tropfen-pekana\/","title":{"rendered":"Proscenat Spagyra Tropfen Pekana"},"content":{"rendered":"<p>Proscenat spagyrische Tropfen Pekana dienen zur unterst\u00fctzenden Behandlung von Prostatavergr\u00f6\u00dferung, schmerzhaftem und n\u00e4chtlichem Harndrang oder unvollst\u00e4ndiger Blasenentleerung.<\/p>\n","protected":false},"excerpt":{"rendered":"<p>Proscenat spagyrische Tropfen Pekana dienen zur unterst\u00fctzenden Behandlung von Prostatavergr\u00f6\u00dferung, schmerzhaftem und n\u00e4chtlichem Harndrang oder unvollst\u00e4ndiger Blasenentleerung.<\/p>\n","protected":false},"featured_media":0,"template":"","meta":{"_acf_changed":false},"product_brand":[],"product_cat":[793],"product_tag":[],"class_list":{"0":"post-91448","1":"product","2":"type-product","3":"status-publish","5":"product_cat-p","6":"pa_packungsgroesse-100ml","8":"first","9":"instock","10":"shipping-taxable","11":"purchasable","12":"product-type-simple"},"acf":[],"_links":{"self":[{"href":"https:\/\/www.ernstbrunn-apotheke.at\/katalog\/wp-json\/wp\/v2\/product\/91448","targetHints":{"allow":["GET"]}}],"collection":[{"href":"https:\/\/www.ernstbrunn-apotheke.at\/katalog\/wp-json\/wp\/v2\/product"}],"about":[{"href":"https:\/\/www.ernstbrunn-apotheke.at\/katalog\/wp-json\/wp\/v2\/types\/product"}],"wp:attachment":[{"href":"https:\/\/www.ernstbrunn-apotheke.at\/katalog\/wp-json\/wp\/v2\/media?parent=91448"}],"wp:term":[{"taxonomy":"product_brand","embeddable":true,"href":"https:\/\/www.ernstbrunn-apotheke.at\/katalog\/wp-json\/wp\/v2\/product_brand?post=91448"},{"taxonomy":"product_cat","embeddable":true,"href":"https:\/\/www.ernstbrunn-apotheke.at\/katalog\/wp-json\/wp\/v2\/product_cat?post=91448"},{"taxonomy":"product_tag","embeddable":true,"href":"https:\/\/www.ernstbrunn-apotheke.at\/katalog\/wp-json\/wp\/v2\/product_tag?post=91448"}],"curies":[{"name":"wp","href":"https:\/\/api.w.org\/{rel}","templated":true}]}}