{"id":91308,"date":"2025-11-12T07:50:44","date_gmt":"2025-11-12T06:50:44","guid":{"rendered":"https:\/\/www.ernstbrunn-apotheke.at\/katalog\/produkt\/regenaplex-nr-51a-15-ml\/"},"modified":"2025-12-08T20:24:39","modified_gmt":"2025-12-08T19:24:39","slug":"regenaplex-nr-51a-15-ml","status":"publish","type":"product","link":"https:\/\/www.ernstbrunn-apotheke.at\/katalog\/produkt\/regenaplex-nr-51a-15-ml\/","title":{"rendered":"Regenaplex Nr. 51A 15 ml"},"content":{"rendered":"<p>Regenaplex Nr. 51A ist ein hom\u00f6opathisches Mittel, das gegen Nierengriess, sowie Nephrosklerose hilft. Die quasi nach einem Baukastensystem zusammengestellten Regenaplexe sind hom\u00f6opathische Komplexmittel mit jeweiligen Nummernbezeichnungen.Soweit nicht anders verordnet nehmen Sie bei akuten Zust\u00e4nden alle halbe bis ganze Stunde, h\u00f6chstens 6 mal t\u00e4glich, je 5 Tropfen ein. Bei chronischen Verlaufsformen nehmen Sie 1 \u2013 3 mal t\u00e4glich je 5 Tropfen ein.Eine \u00fcber 1 Woche hinausgehende Einnahme sollte nur nach R\u00fccksprache mit einem hom\u00f6opathisch erfahrenen Therapeuten erfolgen.Bei Besserung der Beschwerden ist die H\u00e4ufigkeit der Einnahme zu reduzieren. Wenn sich Ihre Beschwerden verschlimmern oder nach einigen Tagen keine Besserung eintritt, m\u00fcssen Sie auf jeden Fall einen Arzt aufsuchen.Auch hom\u00f6opathische Arzneimittel sollten nicht \u00fcber l\u00e4ngere Zeit ohne \u00e4rztlichen Rat eingenommen werden. Wenn Sie weitere Fragen zur Anwendung des Arzneimittels haben, fragen Sie Ihren Arzt oder Apotheker..<\/p>\n","protected":false},"excerpt":{"rendered":"<p>Regenaplex Nr. 51A ist ein hom\u00f6opathisches Mittel, das gegen Nierengriess, sowie Nephrosklerose hilft. Die quasi nach einem Baukastensystem zusammengestellten Regenaplexe sind hom\u00f6opathische Komplexmittel mit jeweiligen Nummernbezeichnungen.Soweit nicht anders verordnet nehmen Sie bei akuten Zust\u00e4nden alle halbe bis ganze Stunde, h\u00f6chstens 6 mal t\u00e4glich, je 5 Tropfen ein. Bei chronischen Verlaufsformen nehmen Sie 1 \u2013 3 [&hellip;]<\/p>\n","protected":false},"featured_media":91310,"template":"","meta":{"_acf_changed":false},"product_brand":[937],"product_cat":[808],"product_tag":[],"class_list":{"0":"post-91308","1":"product","2":"type-product","3":"status-publish","4":"has-post-thumbnail","6":"product_brand-regenaplex","7":"product_cat-r","8":"pa_packungsgroesse-15ml","10":"first","11":"instock","12":"shipping-taxable","13":"purchasable","14":"product-type-simple"},"acf":[],"_links":{"self":[{"href":"https:\/\/www.ernstbrunn-apotheke.at\/katalog\/wp-json\/wp\/v2\/product\/91308","targetHints":{"allow":["GET"]}}],"collection":[{"href":"https:\/\/www.ernstbrunn-apotheke.at\/katalog\/wp-json\/wp\/v2\/product"}],"about":[{"href":"https:\/\/www.ernstbrunn-apotheke.at\/katalog\/wp-json\/wp\/v2\/types\/product"}],"wp:featuredmedia":[{"embeddable":true,"href":"https:\/\/www.ernstbrunn-apotheke.at\/katalog\/wp-json\/wp\/v2\/media\/91310"}],"wp:attachment":[{"href":"https:\/\/www.ernstbrunn-apotheke.at\/katalog\/wp-json\/wp\/v2\/media?parent=91308"}],"wp:term":[{"taxonomy":"product_brand","embeddable":true,"href":"https:\/\/www.ernstbrunn-apotheke.at\/katalog\/wp-json\/wp\/v2\/product_brand?post=91308"},{"taxonomy":"product_cat","embeddable":true,"href":"https:\/\/www.ernstbrunn-apotheke.at\/katalog\/wp-json\/wp\/v2\/product_cat?post=91308"},{"taxonomy":"product_tag","embeddable":true,"href":"https:\/\/www.ernstbrunn-apotheke.at\/katalog\/wp-json\/wp\/v2\/product_tag?post=91308"}],"curies":[{"name":"wp","href":"https:\/\/api.w.org\/{rel}","templated":true}]}}