{"id":91301,"date":"2025-11-12T07:50:44","date_gmt":"2025-11-12T06:50:44","guid":{"rendered":"https:\/\/www.ernstbrunn-apotheke.at\/katalog\/produkt\/metakaveron-tropfen-100-ml\/"},"modified":"2025-12-08T20:24:38","modified_gmt":"2025-12-08T19:24:38","slug":"metakaveron-tropfen-100-ml","status":"publish","type":"product","link":"https:\/\/www.ernstbrunn-apotheke.at\/katalog\/produkt\/metakaveron-tropfen-100-ml\/","title":{"rendered":"Metakaveron Tropfen 100 ml"},"content":{"rendered":"<p>Metakaveron Tropfen spenden Energie, um dem K\u00f6rper vollste Konzentration und schnelles Handeln zu erm\u00f6glichen. Kr\u00e4fte werden geb\u00fcndelt, und Aufgaben k\u00f6nnen konzentriert und effizient angegangen werden.<\/p>\n","protected":false},"excerpt":{"rendered":"<p>Metakaveron Tropfen spenden Energie, um dem K\u00f6rper vollste Konzentration und schnelles Handeln zu erm\u00f6glichen. Kr\u00e4fte werden geb\u00fcndelt, und Aufgaben k\u00f6nnen konzentriert und effizient angegangen werden.<\/p>\n","protected":false},"featured_media":91303,"template":"","meta":{"_acf_changed":false},"product_brand":[],"product_cat":[800],"product_tag":[],"class_list":{"0":"post-91301","1":"product","2":"type-product","3":"status-publish","4":"has-post-thumbnail","6":"product_cat-m","7":"pa_packungsgroesse-100ml","9":"first","10":"instock","11":"shipping-taxable","12":"purchasable","13":"product-type-simple"},"acf":[],"_links":{"self":[{"href":"https:\/\/www.ernstbrunn-apotheke.at\/katalog\/wp-json\/wp\/v2\/product\/91301","targetHints":{"allow":["GET"]}}],"collection":[{"href":"https:\/\/www.ernstbrunn-apotheke.at\/katalog\/wp-json\/wp\/v2\/product"}],"about":[{"href":"https:\/\/www.ernstbrunn-apotheke.at\/katalog\/wp-json\/wp\/v2\/types\/product"}],"wp:featuredmedia":[{"embeddable":true,"href":"https:\/\/www.ernstbrunn-apotheke.at\/katalog\/wp-json\/wp\/v2\/media\/91303"}],"wp:attachment":[{"href":"https:\/\/www.ernstbrunn-apotheke.at\/katalog\/wp-json\/wp\/v2\/media?parent=91301"}],"wp:term":[{"taxonomy":"product_brand","embeddable":true,"href":"https:\/\/www.ernstbrunn-apotheke.at\/katalog\/wp-json\/wp\/v2\/product_brand?post=91301"},{"taxonomy":"product_cat","embeddable":true,"href":"https:\/\/www.ernstbrunn-apotheke.at\/katalog\/wp-json\/wp\/v2\/product_cat?post=91301"},{"taxonomy":"product_tag","embeddable":true,"href":"https:\/\/www.ernstbrunn-apotheke.at\/katalog\/wp-json\/wp\/v2\/product_tag?post=91301"}],"curies":[{"name":"wp","href":"https:\/\/api.w.org\/{rel}","templated":true}]}}