{"id":91285,"date":"2025-11-12T07:49:42","date_gmt":"2025-11-12T06:49:42","guid":{"rendered":"https:\/\/www.ernstbrunn-apotheke.at\/katalog\/produkt\/apozema-nr-1-tropfen-akne-sulfuricum-50-ml-tropfen\/"},"modified":"2025-12-08T20:24:35","modified_gmt":"2025-12-08T19:24:35","slug":"apozema-nr-1-tropfen-akne-sulfuricum-50-ml-tropfen","status":"publish","type":"product","link":"https:\/\/www.ernstbrunn-apotheke.at\/katalog\/produkt\/apozema-nr-1-tropfen-akne-sulfuricum-50-ml-tropfen\/","title":{"rendered":"Apozema Nr 1 Tropfen Akne Sulfuricum 50 ml Tropfen"},"content":{"rendered":"<p>Apozema Nr 1 Tropfen Akne Sulfuricum 50 ml Tropfen dienen zur Aktivierung und St\u00e4rkung der k\u00f6rpereigenen Selbstheilungskr\u00e4fte bei Akne, Mitessern, Pickeln, Ausschl\u00e4gen, unreiner Haut und Hautjucken.<\/p>\n","protected":false},"excerpt":{"rendered":"<p>Apozema Nr 1 Tropfen Akne Sulfuricum 50 ml Tropfen dienen zur Aktivierung und St\u00e4rkung der k\u00f6rpereigenen Selbstheilungskr\u00e4fte bei Akne, Mitessern, Pickeln, Ausschl\u00e4gen, unreiner Haut und Hautjucken.<\/p>\n","protected":false},"featured_media":91287,"template":"","meta":{"_acf_changed":false},"product_brand":[935],"product_cat":[801],"product_tag":[],"class_list":{"0":"post-91285","1":"product","2":"type-product","3":"status-publish","4":"has-post-thumbnail","6":"product_brand-apozema","7":"product_cat-a","8":"pa_packungsgroesse-50ml","10":"first","11":"instock","12":"shipping-taxable","13":"purchasable","14":"product-type-simple"},"acf":[],"_links":{"self":[{"href":"https:\/\/www.ernstbrunn-apotheke.at\/katalog\/wp-json\/wp\/v2\/product\/91285","targetHints":{"allow":["GET"]}}],"collection":[{"href":"https:\/\/www.ernstbrunn-apotheke.at\/katalog\/wp-json\/wp\/v2\/product"}],"about":[{"href":"https:\/\/www.ernstbrunn-apotheke.at\/katalog\/wp-json\/wp\/v2\/types\/product"}],"wp:featuredmedia":[{"embeddable":true,"href":"https:\/\/www.ernstbrunn-apotheke.at\/katalog\/wp-json\/wp\/v2\/media\/91287"}],"wp:attachment":[{"href":"https:\/\/www.ernstbrunn-apotheke.at\/katalog\/wp-json\/wp\/v2\/media?parent=91285"}],"wp:term":[{"taxonomy":"product_brand","embeddable":true,"href":"https:\/\/www.ernstbrunn-apotheke.at\/katalog\/wp-json\/wp\/v2\/product_brand?post=91285"},{"taxonomy":"product_cat","embeddable":true,"href":"https:\/\/www.ernstbrunn-apotheke.at\/katalog\/wp-json\/wp\/v2\/product_cat?post=91285"},{"taxonomy":"product_tag","embeddable":true,"href":"https:\/\/www.ernstbrunn-apotheke.at\/katalog\/wp-json\/wp\/v2\/product_tag?post=91285"}],"curies":[{"name":"wp","href":"https:\/\/api.w.org\/{rel}","templated":true}]}}