{"id":91233,"date":"2025-11-12T07:48:54","date_gmt":"2025-11-12T06:48:54","guid":{"rendered":"https:\/\/www.ernstbrunn-apotheke.at\/katalog\/produkt\/apozema-tropfen-nr-5-arteriosklerose-50-ml\/"},"modified":"2025-12-08T20:24:26","modified_gmt":"2025-12-08T19:24:26","slug":"apozema-tropfen-nr-5-arteriosklerose-50-ml","status":"publish","type":"product","link":"https:\/\/www.ernstbrunn-apotheke.at\/katalog\/produkt\/apozema-tropfen-nr-5-arteriosklerose-50-ml\/","title":{"rendered":"Apozema Tropfen Nr. 5 Arteriosklerose 50 ml"},"content":{"rendered":"<p>APOZEMA Arteriosklerose-Tropfen Nr. 5 regen die Selbstheilungskr\u00e4fte gem\u00e4\u00df dem hom\u00f6opathischen Arzneimittelbild bei allgemeiner Verkalkung, Durchblutungsst\u00f6rungen, Schwindel und Gleichgewichtsst\u00f6rungen an..<\/p>\n","protected":false},"excerpt":{"rendered":"<p>APOZEMA Arteriosklerose-Tropfen Nr. 5 regen die Selbstheilungskr\u00e4fte gem\u00e4\u00df dem hom\u00f6opathischen Arzneimittelbild bei allgemeiner Verkalkung, Durchblutungsst\u00f6rungen, Schwindel und Gleichgewichtsst\u00f6rungen an..<\/p>\n","protected":false},"featured_media":91235,"template":"","meta":{"_acf_changed":false},"product_brand":[935],"product_cat":[801],"product_tag":[],"class_list":{"0":"post-91233","1":"product","2":"type-product","3":"status-publish","4":"has-post-thumbnail","6":"product_brand-apozema","7":"product_cat-a","8":"pa_packungsgroesse-50ml","10":"first","11":"instock","12":"shipping-taxable","13":"purchasable","14":"product-type-simple"},"acf":[],"_links":{"self":[{"href":"https:\/\/www.ernstbrunn-apotheke.at\/katalog\/wp-json\/wp\/v2\/product\/91233","targetHints":{"allow":["GET"]}}],"collection":[{"href":"https:\/\/www.ernstbrunn-apotheke.at\/katalog\/wp-json\/wp\/v2\/product"}],"about":[{"href":"https:\/\/www.ernstbrunn-apotheke.at\/katalog\/wp-json\/wp\/v2\/types\/product"}],"wp:featuredmedia":[{"embeddable":true,"href":"https:\/\/www.ernstbrunn-apotheke.at\/katalog\/wp-json\/wp\/v2\/media\/91235"}],"wp:attachment":[{"href":"https:\/\/www.ernstbrunn-apotheke.at\/katalog\/wp-json\/wp\/v2\/media?parent=91233"}],"wp:term":[{"taxonomy":"product_brand","embeddable":true,"href":"https:\/\/www.ernstbrunn-apotheke.at\/katalog\/wp-json\/wp\/v2\/product_brand?post=91233"},{"taxonomy":"product_cat","embeddable":true,"href":"https:\/\/www.ernstbrunn-apotheke.at\/katalog\/wp-json\/wp\/v2\/product_cat?post=91233"},{"taxonomy":"product_tag","embeddable":true,"href":"https:\/\/www.ernstbrunn-apotheke.at\/katalog\/wp-json\/wp\/v2\/product_tag?post=91233"}],"curies":[{"name":"wp","href":"https:\/\/api.w.org\/{rel}","templated":true}]}}