{"id":91007,"date":"2025-11-12T07:43:45","date_gmt":"2025-11-12T06:43:45","guid":{"rendered":"https:\/\/www.ernstbrunn-apotheke.at\/katalog\/produkt\/weleda-amara-tropfen\/"},"modified":"2025-12-08T20:23:29","modified_gmt":"2025-12-08T19:23:29","slug":"weleda-amara-tropfen","status":"publish","type":"product","link":"https:\/\/www.ernstbrunn-apotheke.at\/katalog\/produkt\/weleda-amara-tropfen\/","title":{"rendered":"Weleda Amara Tropfen"},"content":{"rendered":"<p>Weleda Amara Tropfen unterst\u00fctzen den Organismus bei Appetitlosigkeit, V\u00f6llegef\u00fchl, Sodbrennen und \u00dcbelkeit. Die Bitterstoffe von Wermut, Tausendg\u00fcldenkraut, Enzian und Wegwarte sorgen bereits im Mund f\u00fcr eine bessere Verdauung, indem sie unter anderem den Speichelfluss f\u00f6rdern.<\/p>\n","protected":false},"excerpt":{"rendered":"<p>Weleda Amara Tropfen unterst\u00fctzen den Organismus bei Appetitlosigkeit, V\u00f6llegef\u00fchl, Sodbrennen und \u00dcbelkeit. Die Bitterstoffe von Wermut, Tausendg\u00fcldenkraut, Enzian und Wegwarte sorgen bereits im Mund f\u00fcr eine bessere Verdauung, indem sie unter anderem den Speichelfluss f\u00f6rdern.<\/p>\n","protected":false},"featured_media":91009,"template":"","meta":{"_acf_changed":false},"product_brand":[567],"product_cat":[796],"product_tag":[],"class_list":{"0":"post-91007","1":"product","2":"type-product","3":"status-publish","4":"has-post-thumbnail","6":"product_brand-weleda","7":"product_cat-w","8":"pa_packungsgroesse-50ml","10":"first","11":"instock","12":"shipping-taxable","13":"purchasable","14":"product-type-simple"},"acf":[],"_links":{"self":[{"href":"https:\/\/www.ernstbrunn-apotheke.at\/katalog\/wp-json\/wp\/v2\/product\/91007","targetHints":{"allow":["GET"]}}],"collection":[{"href":"https:\/\/www.ernstbrunn-apotheke.at\/katalog\/wp-json\/wp\/v2\/product"}],"about":[{"href":"https:\/\/www.ernstbrunn-apotheke.at\/katalog\/wp-json\/wp\/v2\/types\/product"}],"wp:featuredmedia":[{"embeddable":true,"href":"https:\/\/www.ernstbrunn-apotheke.at\/katalog\/wp-json\/wp\/v2\/media\/91009"}],"wp:attachment":[{"href":"https:\/\/www.ernstbrunn-apotheke.at\/katalog\/wp-json\/wp\/v2\/media?parent=91007"}],"wp:term":[{"taxonomy":"product_brand","embeddable":true,"href":"https:\/\/www.ernstbrunn-apotheke.at\/katalog\/wp-json\/wp\/v2\/product_brand?post=91007"},{"taxonomy":"product_cat","embeddable":true,"href":"https:\/\/www.ernstbrunn-apotheke.at\/katalog\/wp-json\/wp\/v2\/product_cat?post=91007"},{"taxonomy":"product_tag","embeddable":true,"href":"https:\/\/www.ernstbrunn-apotheke.at\/katalog\/wp-json\/wp\/v2\/product_tag?post=91007"}],"curies":[{"name":"wp","href":"https:\/\/api.w.org\/{rel}","templated":true}]}}