{"id":9098,"date":"2025-11-07T13:53:18","date_gmt":"2025-11-07T12:53:18","guid":{"rendered":"https:\/\/www.ernstbrunn-apotheke.at\/katalog\/produkt\/hyabak-augentropfen-3-x-10ml\/"},"modified":"2025-12-08T13:26:54","modified_gmt":"2025-12-08T12:26:54","slug":"hyabak-augentropfen-3-x-10ml","status":"publish","type":"product","link":"https:\/\/www.ernstbrunn-apotheke.at\/katalog\/produkt\/hyabak-augentropfen-3-x-10ml\/","title":{"rendered":"Hyabak Augentropfen &#8211; 3 x 10ml"},"content":{"rendered":"<p>Hyabak Augentropfen 3&#215;10 ml sind eine L\u00f6sung zur Befeuchtung und Benetzung von Augen und Kontaktlinsen. Die Anwendung wird zur Befeuchtung und Benetzung von m\u00fcden oder trockenen Augen und bei Kontaktlinsentr\u00e4gern zur Benetzung von Kontaktlinsen empfohlen.<\/p>\n","protected":false},"excerpt":{"rendered":"<p>Hyabak Augentropfen 3&#215;10 ml sind eine L\u00f6sung zur Befeuchtung und Benetzung von Augen und Kontaktlinsen. Die Anwendung wird zur Befeuchtung und Benetzung von m\u00fcden oder trockenen Augen und bei Kontaktlinsentr\u00e4gern zur Benetzung von Kontaktlinsen empfohlen.<\/p>\n","protected":false},"featured_media":9100,"template":"","meta":{"_acf_changed":false},"product_brand":[371],"product_cat":[805],"product_tag":[],"class_list":{"0":"post-9098","1":"product","2":"type-product","3":"status-publish","4":"has-post-thumbnail","6":"product_brand-gall-pharma","7":"product_cat-h","8":"pa_packungsgroesse-3-stueck","10":"first","11":"instock","12":"shipping-taxable","13":"purchasable","14":"product-type-simple"},"acf":[],"_links":{"self":[{"href":"https:\/\/www.ernstbrunn-apotheke.at\/katalog\/wp-json\/wp\/v2\/product\/9098","targetHints":{"allow":["GET"]}}],"collection":[{"href":"https:\/\/www.ernstbrunn-apotheke.at\/katalog\/wp-json\/wp\/v2\/product"}],"about":[{"href":"https:\/\/www.ernstbrunn-apotheke.at\/katalog\/wp-json\/wp\/v2\/types\/product"}],"wp:featuredmedia":[{"embeddable":true,"href":"https:\/\/www.ernstbrunn-apotheke.at\/katalog\/wp-json\/wp\/v2\/media\/9100"}],"wp:attachment":[{"href":"https:\/\/www.ernstbrunn-apotheke.at\/katalog\/wp-json\/wp\/v2\/media?parent=9098"}],"wp:term":[{"taxonomy":"product_brand","embeddable":true,"href":"https:\/\/www.ernstbrunn-apotheke.at\/katalog\/wp-json\/wp\/v2\/product_brand?post=9098"},{"taxonomy":"product_cat","embeddable":true,"href":"https:\/\/www.ernstbrunn-apotheke.at\/katalog\/wp-json\/wp\/v2\/product_cat?post=9098"},{"taxonomy":"product_tag","embeddable":true,"href":"https:\/\/www.ernstbrunn-apotheke.at\/katalog\/wp-json\/wp\/v2\/product_tag?post=9098"}],"curies":[{"name":"wp","href":"https:\/\/api.w.org\/{rel}","templated":true}]}}